{"id":1015,"date":"2016-11-24T01:47:32","date_gmt":"2016-11-24T01:47:32","guid":{"rendered":"http:\/\/demowp.codeopus.net\/safaria\/?page_id=1015"},"modified":"2017-04-06T15:01:32","modified_gmt":"2017-04-06T21:01:32","slug":"contactanos","status":"publish","type":"page","link":"http:\/\/yumka.gob.mx\/?page_id=1015","title":{"rendered":"Cont\u00e1ctanos"},"content":{"rendered":"<p>Hola<\/p>\n<p>Por favor env\u00eda tus dudas y comentarios, mediante este formulario, en la brevedad le daremos seguimiento.<\/p>\n<p>&nbsp;<\/p>\n\n<div class=\"wpcf7 no-js\" id=\"wpcf7-f97-o1\" lang=\"en-US\" dir=\"ltr\" data-wpcf7-id=\"97\">\n<div class=\"screen-reader-response\"><p role=\"status\" aria-live=\"polite\" aria-atomic=\"true\"><\/p> <ul><\/ul><\/div>\n<form action=\"\/index.php?rest_route=%2Fwp%2Fv2%2Fpages%2F1015#wpcf7-f97-o1\" method=\"post\" class=\"wpcf7-form init\" aria-label=\"Contact form\" novalidate=\"novalidate\" data-status=\"init\">\n<fieldset class=\"hidden-fields-container\"><input type=\"hidden\" name=\"_wpcf7\" value=\"97\" \/><input type=\"hidden\" name=\"_wpcf7_version\" value=\"6.1.5\" \/><input type=\"hidden\" name=\"_wpcf7_locale\" value=\"en_US\" \/><input type=\"hidden\" name=\"_wpcf7_unit_tag\" value=\"wpcf7-f97-o1\" \/><input type=\"hidden\" name=\"_wpcf7_container_post\" value=\"0\" \/><input type=\"hidden\" name=\"_wpcf7_posted_data_hash\" value=\"\" \/>\n<\/fieldset>\n<div class=\"row\">\n\t<div class=\"col-sm-6\">\n\t\t<div class=\"form-group\">\n\t\t\t<div class=\"input-cdo-container input-white\">\n\t\t\t\t<p><span class=\"wpcf7-form-control-wrap\" data-name=\"the-name\"><input size=\"40\" maxlength=\"400\" class=\"wpcf7-form-control wpcf7-text wpcf7-validates-as-required form-control safaria-input-field\" aria-required=\"true\" aria-invalid=\"false\" value=\"\" type=\"text\" name=\"the-name\" \/><\/span>\n\t\t\t\t<\/p>\n\t\t\t\t<div class=\"input-label-cdo\">\n\t\t\t\t\t<p><i class=\"fa fa-user\"><\/i>\n\t\t\t\t\t<\/p>\n\t\t\t\t\t<div class=\"input-label-content\">\n\t\t\t\t\t\t<p>Su Nombre\n\t\t\t\t\t\t<\/p>\n\t\t\t\t\t<\/div>\n\t\t\t\t<\/div>\n\t\t\t<\/div>\n\t\t<\/div>\n\t<\/div>\n\t<div class=\"col-sm-6\">\n\t\t<div class=\"form-group\">\n\t\t\t<div class=\"input-cdo-container input-white\">\n\t\t\t\t<p><span class=\"wpcf7-form-control-wrap\" data-name=\"the-email\"><input size=\"40\" maxlength=\"400\" class=\"wpcf7-form-control wpcf7-email wpcf7-validates-as-required wpcf7-text wpcf7-validates-as-email form-control safaria-input-field\" aria-required=\"true\" aria-invalid=\"false\" value=\"\" type=\"email\" name=\"the-email\" \/><\/span>\n\t\t\t\t<\/p>\n\t\t\t\t<div class=\"input-label-cdo\">\n\t\t\t\t\t<p><i class=\"fa fa-envelope\"><\/i>\n\t\t\t\t\t<\/p>\n\t\t\t\t\t<div class=\"input-label-content\">\n\t\t\t\t\t\t<p>Su Correo\n\t\t\t\t\t\t<\/p>\n\t\t\t\t\t<\/div>\n\t\t\t\t<\/div>\n\t\t\t<\/div>\n\t\t<\/div>\n\t<\/div>\n\t<div class=\"col-sm-12\">\n\t\t<div class=\"form-group\">\n\t\t\t<p><span class=\"wpcf7-form-control-wrap\" data-name=\"the-message\"><textarea cols=\"40\" rows=\"10\" maxlength=\"2000\" class=\"wpcf7-form-control wpcf7-textarea wpcf7-validates-as-required inputfullwidth\" aria-required=\"true\" aria-invalid=\"false\" placeholder=\"Mensaje\" name=\"the-message\"><\/textarea><\/span>\n\t\t\t<\/p>\n\t\t<\/div>\n\t<\/div>\n\t<div class=\"col-sm-6\">\n\t\t<div class=\"form-group\">\n\t\t\t<div class=\"input-cdo-container input-white\">\n\t\t\t\t<p><span class=\"wpcf7-form-control-wrap\" data-name=\"the-code\"><input size=\"40\" maxlength=\"400\" class=\"wpcf7-form-control wpcf7-text wpcf7-validates-as-required form-control safaria-input-field\" aria-required=\"true\" aria-invalid=\"false\" value=\"\" type=\"text\" name=\"the-code\" \/><\/span>\n\t\t\t\t<\/p>\n\t\t\t\t<div class=\"input-label-cdo\">\n\t\t\t\t\t<p><i class=\"fa fa-phone\"><\/i>\n\t\t\t\t\t<\/p>\n\t\t\t\t\t<div class=\"input-label-content\">\n\t\t\t\t\t\t<p>Lada\n\t\t\t\t\t\t<\/p>\n\t\t\t\t\t<\/div>\n\t\t\t\t<\/div>\n\t\t\t<\/div>\n\t\t<\/div>\n\t<\/div>\n\t<div class=\"col-sm-6\">\n\t\t<div class=\"form-group\">\n\t\t\t<div class=\"input-cdo-container input-white\">\n\t\t\t\t<p><span class=\"wpcf7-form-control-wrap\" data-name=\"the-phone\"><input size=\"40\" maxlength=\"400\" class=\"wpcf7-form-control wpcf7-text wpcf7-validates-as-required form-control safaria-input-field\" aria-required=\"true\" aria-invalid=\"false\" value=\"\" type=\"text\" name=\"the-phone\" \/><\/span>\n\t\t\t\t<\/p>\n\t\t\t\t<div class=\"input-label-cdo\">\n\t\t\t\t\t<p><i class=\"fa fa-phone\"><\/i>\n\t\t\t\t\t<\/p>\n\t\t\t\t\t<div class=\"input-label-content\">\n\t\t\t\t\t\t<p>Tel\u00e9fono\n\t\t\t\t\t\t<\/p>\n\t\t\t\t\t<\/div>\n\t\t\t\t<\/div>\n\t\t\t<\/div>\n\t\t<\/div>\n\t<\/div>\n\t<div class=\"col-sm-6 col-sm-offset-6\">\n\t\t<div class=\"form-group\">\n\t\t\t<p><input class=\"wpcf7-form-control wpcf7-submit has-spinner safaria-button-large button-full\" type=\"submit\" value=\"Enviar\" \/>\n\t\t\t<\/p>\n\t\t<\/div>\n\t<\/div>\n<\/div><p style=\"display: none !important;\" class=\"akismet-fields-container\" data-prefix=\"_wpcf7_ak_\"><label>&#916;<textarea name=\"_wpcf7_ak_hp_textarea\" cols=\"45\" rows=\"8\" maxlength=\"100\"><\/textarea><\/label><input type=\"hidden\" id=\"ak_js_1\" name=\"_wpcf7_ak_js\" value=\"134\"\/><script type=\"text\/javascript\">\n\/* <![CDATA[ *\/\ndocument.getElementById( \"ak_js_1\" ).setAttribute( \"value\", ( new Date() ).getTime() );\n\/* ]]> *\/\n<\/script>\n<\/p><div class=\"wpcf7-response-output\" aria-hidden=\"true\"><\/div>\n<\/form>\n<\/div>\n\n<p>Nosotros realmente estamos interesados en tus dudas y comentarios !!<\/p>\n","protected":false},"excerpt":{"rendered":"<p>Hola Por favor env\u00eda tus dudas y comentarios, mediante este formulario, en la brevedad le daremos seguimiento. &nbsp; Nosotros realmente estamos interesados en tus dudas y comentarios !!<\/p>\n","protected":false},"author":2,"featured_media":0,"parent":0,"menu_order":0,"comment_status":"closed","ping_status":"closed","template":"","meta":{"jetpack_post_was_ever_published":false,"footnotes":""},"class_list":["post-1015","page","type-page","status-publish","hentry"],"jetpack_sharing_enabled":true,"jetpack_shortlink":"https:\/\/wp.me\/PciRc3-gn","jetpack-related-posts":[{"id":1025,"url":"http:\/\/yumka.gob.mx\/?page_id=1025","url_meta":{"origin":1015,"position":0},"title":"Acerca de nuestra \u00e1rea natural protegida","author":"Ram\u00f3n de Jesus Estudillo","date":"24 noviembre, 2016","format":false,"excerpt":"\u00a0 Sabes que significa la palabra Yumk\u00e1? La palabra Yumka\u00b4 significa en maya: \"Duende que cuida de la selva y los animales\". Los Chontales cre\u00edan firmemente en la existencia de un personaje que cuidaba de las plantas y los animales, al que llamaban Yumka\u00b4. Nuestra Misi\u00f3n Contribuir a la conservaci\u00f3n\u2026","rel":"","context":"Entrada similar ","block_context":{"text":"Entrada similar ","link":""},"img":{"alt_text":"","src":"https:\/\/i0.wp.com\/museopapagayo.com\/yumka\/wp-content\/uploads\/2016\/11\/Yumka_LogoHistorico-300x270.jpg?resize=350%2C200","width":350,"height":200},"classes":[]},{"id":1919,"url":"http:\/\/yumka.gob.mx\/?page_id=1919","url_meta":{"origin":1015,"position":1},"title":"Yumk\u00e1 por el Dr. Luis Palazuelos Plata","author":"Ram\u00f3n de Jesus Estudillo","date":"6 abril, 2017","format":false,"excerpt":"\u00a0 EN LA SELVA TABASQUE\u00d1A TIENE LUGAR UN EXPERIMENTO FORMIDABLE: EL CENTRO DE INTERPRETACI\u00d3N\u00a0Y CONVIVENCIA CON LA NATURALEZA YUMK\u00c1 Yumk\u00e1, se\u00f1or de la selva y los animales se encuentra en Tabasco. Seg\u00fan la cultura Chontal, este personaje protege a la naturaleza que, pr\u00f3diga, sent\u00f3 sus reales en \u00e9sta regi\u00f3n de\u2026","rel":"","context":"Entrada similar ","block_context":{"text":"Entrada similar ","link":""},"img":{"alt_text":"Yumka_LogoHistorico","src":"https:\/\/i0.wp.com\/yumka.org.mx\/wp-content\/uploads\/2016\/11\/Yumka_LogoHistorico-220x198.jpg?resize=350%2C200","width":350,"height":200},"classes":[]}],"_links":{"self":[{"href":"http:\/\/yumka.gob.mx\/index.php?rest_route=\/wp\/v2\/pages\/1015","targetHints":{"allow":["GET"]}}],"collection":[{"href":"http:\/\/yumka.gob.mx\/index.php?rest_route=\/wp\/v2\/pages"}],"about":[{"href":"http:\/\/yumka.gob.mx\/index.php?rest_route=\/wp\/v2\/types\/page"}],"author":[{"embeddable":true,"href":"http:\/\/yumka.gob.mx\/index.php?rest_route=\/wp\/v2\/users\/2"}],"replies":[{"embeddable":true,"href":"http:\/\/yumka.gob.mx\/index.php?rest_route=%2Fwp%2Fv2%2Fcomments&post=1015"}],"version-history":[{"count":2,"href":"http:\/\/yumka.gob.mx\/index.php?rest_route=\/wp\/v2\/pages\/1015\/revisions"}],"predecessor-version":[{"id":1939,"href":"http:\/\/yumka.gob.mx\/index.php?rest_route=\/wp\/v2\/pages\/1015\/revisions\/1939"}],"wp:attachment":[{"href":"http:\/\/yumka.gob.mx\/index.php?rest_route=%2Fwp%2Fv2%2Fmedia&parent=1015"}],"curies":[{"name":"wp","href":"https:\/\/api.w.org\/{rel}","templated":true}]}}