{"id":1766,"date":"2017-03-27T09:24:10","date_gmt":"2017-03-27T15:24:10","guid":{"rendered":"http:\/\/museopapagayo.com\/yumka\/?page_id=1766"},"modified":"2020-08-21T12:42:32","modified_gmt":"2020-08-21T18:42:32","slug":"transporte-publico","status":"publish","type":"page","link":"http:\/\/yumka.gob.mx\/?page_id=1766","title":{"rendered":"Transporte publico"},"content":{"rendered":"\t\t<div data-elementor-type=\"wp-page\" data-elementor-id=\"1766\" class=\"elementor elementor-1766 elementor-bc-flex-widget\">\n\t\t\t\t\t\t<section class=\"elementor-section elementor-top-section elementor-element elementor-element-i69qamv elementor-section-boxed elementor-section-height-default elementor-section-height-default\" data-id=\"i69qamv\" data-element_type=\"section\" data-e-type=\"section\">\n\t\t\t\t\t\t<div class=\"elementor-container elementor-column-gap-default\">\n\t\t\t\t\t<div class=\"elementor-column elementor-col-100 elementor-top-column elementor-element elementor-element-sotaxbb\" data-id=\"sotaxbb\" data-element_type=\"column\" data-e-type=\"column\">\n\t\t\t<div class=\"elementor-widget-wrap elementor-element-populated\">\n\t\t\t\t\t\t<div class=\"elementor-element elementor-element-svfrh7f elementor-widget elementor-widget-heading\" data-id=\"svfrh7f\" data-element_type=\"widget\" data-e-type=\"widget\" data-widget_type=\"heading.default\">\n\t\t\t\t<div class=\"elementor-widget-container\">\n\t\t\t\t\t<h2 class=\"elementor-heading-title elementor-size-default\">\u00bfCuales son los sitios donde puedo tomar un transporte p\u00fablico que me lleve al Yumka'?<\/h2>\t\t\t\t<\/div>\n\t\t\t\t<\/div>\n\t\t\t\t\t<\/div>\n\t\t<\/div>\n\t\t\t\t\t<\/div>\n\t\t<\/section>\n\t\t\t\t<section class=\"elementor-section elementor-top-section elementor-element elementor-element-1wbgnvr elementor-section-boxed elementor-section-height-default elementor-section-height-default\" data-id=\"1wbgnvr\" data-element_type=\"section\" data-e-type=\"section\">\n\t\t\t\t\t\t<div class=\"elementor-container elementor-column-gap-default\">\n\t\t\t\t\t<div class=\"elementor-column elementor-col-100 elementor-top-column elementor-element elementor-element-mo3bk8t\" data-id=\"mo3bk8t\" data-element_type=\"column\" data-e-type=\"column\">\n\t\t\t<div class=\"elementor-widget-wrap elementor-element-populated\">\n\t\t\t\t\t\t<div class=\"elementor-element elementor-element-xhe094q elementor-widget elementor-widget-text-editor\" data-id=\"xhe094q\" data-element_type=\"widget\" data-e-type=\"widget\" data-widget_type=\"text-editor.default\">\n\t\t\t\t<div class=\"elementor-widget-container\">\n\t\t\t\t\t\t\t\t\t<p>Actualmente se cuenta en Villahermosa, Tabasco, con dos medios de transporte p\u00fablico que te pueden llevar al Yumka&#8217;. Una son las llamadas combis, estas se pueden distinguir por que son de color blanco con lineas azules, tienen leyendas de las rutas o sitios a los que llegan, en ellos encontraras la palabra Yumka&#8217;, indicando que te llevar\u00e1n hasta la entrada del parque.<\/p><p>El otro medio son los taxis rurales, estos los distingues por que son de color amarillo con lineas de color rojo, los encuentras en su sitio o parada fija, en la cual esperan a los pasajeros y salen solo cuando hayan llenado el cupo de pasajeros, ya que si no es as\u00ed, el chofer \u00a0espera hasta que sea llenado, este tiempo lo decide el chofer. \u00a0<\/p><p>Los dos medios de transporte los puedes tomar en el mismo lugar, calle Venustiano Carranza entre la calle Hermanos Bastar Zozaya y el Boulevard Adolfo Ruiz Cortines.<\/p>\t\t\t\t\t\t\t\t<\/div>\n\t\t\t\t<\/div>\n\t\t\t\t\t<\/div>\n\t\t<\/div>\n\t\t\t\t\t<\/div>\n\t\t<\/section>\n\t\t\t\t<section class=\"elementor-section elementor-top-section elementor-element elementor-element-u8cltl3 elementor-section-boxed elementor-section-height-default elementor-section-height-default\" data-id=\"u8cltl3\" data-element_type=\"section\" data-e-type=\"section\">\n\t\t\t\t\t\t<div class=\"elementor-container elementor-column-gap-default\">\n\t\t\t\t\t<div class=\"elementor-column elementor-col-100 elementor-top-column elementor-element elementor-element-03ixjex\" data-id=\"03ixjex\" data-element_type=\"column\" data-e-type=\"column\">\n\t\t\t<div class=\"elementor-widget-wrap\">\n\t\t\t\t\t\t\t<\/div>\n\t\t<\/div>\n\t\t\t\t\t<\/div>\n\t\t<\/section>\n\t\t\t\t<\/div>\n\t\t","protected":false},"excerpt":{"rendered":"<p>&nbsp; \u00bfCuales son los sitios donde puedo tomar un transporte p\u00fablico que me lleve al Yumka&#8217;? Actualmente se cuenta en Villahermosa, Tabasco, con dos medios de transporte p\u00fablico que te pueden llevar al Yumka&#8217;. Una son las llamadas combis, estas se pueden distinguir por que son de color blanco con lineas azules, tienen leyendas de [&hellip;]<\/p>\n","protected":false},"author":2,"featured_media":0,"parent":0,"menu_order":0,"comment_status":"closed","ping_status":"closed","template":"","meta":{"jetpack_post_was_ever_published":false,"footnotes":""},"class_list":["post-1766","page","type-page","status-publish","hentry"],"jetpack_sharing_enabled":true,"jetpack_shortlink":"https:\/\/wp.me\/PciRc3-su","jetpack-related-posts":[{"id":1974,"url":"http:\/\/yumka.gob.mx\/?page_id=1974","url_meta":{"origin":1766,"position":0},"title":"Transporte Yumka&#8217;","author":"Ram\u00f3n de Jesus Estudillo","date":"17 abril, 2017","format":false,"excerpt":"Te ofrecemos el servicio de transporte yumka' Para ofrecerte una mejor experiencia Yumka', te ofrecemos la opci\u00f3n de nuestro servicio de transporte, con dos\u00a0opciones de veh\u00edculos disponibles.\u00a0 Cami\u00f3n\u00a0Yumka.-\u00a0Cuenta con clima y 29 asientos c\u00f3modos, as\u00ed como m\u00fasica para hacer tu viaje m\u00e1s placentero. Cami\u00f3n\u00a0Yumka Express.-\u00a0Cuenta con 30 asientos. El costo\u2026","rel":"","context":"Entrada similar ","block_context":{"text":"Entrada similar ","link":""},"img":{"alt_text":"","src":"https:\/\/i0.wp.com\/yumka.org.mx\/wp-content\/uploads\/2017\/04\/Camion_yumka-1024x347.jpg?resize=350%2C200","width":350,"height":200,"srcset":"https:\/\/i0.wp.com\/yumka.org.mx\/wp-content\/uploads\/2017\/04\/Camion_yumka-1024x347.jpg?resize=350%2C200 1x, https:\/\/i0.wp.com\/yumka.org.mx\/wp-content\/uploads\/2017\/04\/Camion_yumka-1024x347.jpg?resize=525%2C300 1.5x, https:\/\/i0.wp.com\/yumka.org.mx\/wp-content\/uploads\/2017\/04\/Camion_yumka-1024x347.jpg?resize=700%2C400 2x"},"classes":[]},{"id":985,"url":"http:\/\/yumka.gob.mx\/","url_meta":{"origin":1766,"position":1},"title":"Yumka&#8217;","author":"Ram\u00f3n de Jesus Estudillo","date":"24 noviembre, 2016","format":false,"excerpt":"Vive la experiencia Yumka' Ll\u00e1manos para mas informaci\u00f3n al 01 (993) 980 41 44 Yumka' es un Centro de Interpretaci\u00f3n y Convivencia con la Naturaleza que lleva 30 a\u00f1os al servicio del p\u00fablico. Uno de sus objetivos es promover actividades de educaci\u00f3n ambiental no formal, es decir trasmitir conocimiento, aptitudes\u2026","rel":"","context":"Entrada similar ","block_context":{"text":"Entrada similar ","link":""},"img":{"alt_text":"","src":"https:\/\/i0.wp.com\/yumka.gob.mx\/wp-content\/uploads\/2020\/10\/AvisoCierradoYumka-1.jpg?fit=1200%2C1200&resize=350%2C200","width":350,"height":200,"srcset":"https:\/\/i0.wp.com\/yumka.gob.mx\/wp-content\/uploads\/2020\/10\/AvisoCierradoYumka-1.jpg?fit=1200%2C1200&resize=350%2C200 1x, https:\/\/i0.wp.com\/yumka.gob.mx\/wp-content\/uploads\/2020\/10\/AvisoCierradoYumka-1.jpg?fit=1200%2C1200&resize=525%2C300 1.5x, https:\/\/i0.wp.com\/yumka.gob.mx\/wp-content\/uploads\/2020\/10\/AvisoCierradoYumka-1.jpg?fit=1200%2C1200&resize=700%2C400 2x, https:\/\/i0.wp.com\/yumka.gob.mx\/wp-content\/uploads\/2020\/10\/AvisoCierradoYumka-1.jpg?fit=1200%2C1200&resize=1050%2C600 3x"},"classes":[]},{"id":2357,"url":"http:\/\/yumka.gob.mx\/?page_id=2357","url_meta":{"origin":1766,"position":2},"title":"Cuidando al Yumka","author":"Ram\u00f3n de Jesus Estudillo","date":"8 abril, 2020","format":false,"excerpt":"El Centro de Interpretaci\u00f3n\u00a0y Convivencia con la Naturaleza Yumka', esta temporalmente cerrado al p\u00fablico por decreto gubernamental, hasta nuevo aviso. Leer m\u00e1s.. Men\u00fa Una magn\u00edfica labor que debe reconocerse Por el\u00a0Lic. Jorge Ra\u00fal Milla -\u00a0 Director General del C.I.C.N. Yumka' Teniendo a mi cargo el Centro de Interpretaci\u00f3n y Convivencia\u2026","rel":"","context":"Entrada similar ","block_context":{"text":"Entrada similar ","link":""},"img":{"alt_text":"","src":"https:\/\/i0.wp.com\/yumka.org.mx\/wp-content\/uploads\/2017\/03\/yumka-logo.png?resize=350%2C200","width":350,"height":200},"classes":[]},{"id":2048,"url":"http:\/\/yumka.gob.mx\/?page_id=2048","url_meta":{"origin":1766,"position":3},"title":"Curso de Verano 2017","author":"Ram\u00f3n de Jesus Estudillo","date":"6 julio, 2017","format":false,"excerpt":"Cupo limitado para 15 ni\u00f1os Objetivo El objetivo del Curso de Verano 2017 es inculcar en los ni\u00f1os, el amor y respeto que merece la naturaleza. Estos cursos de verano ayudan a iniciar en los ni\u00f1os una educaci\u00f3n ambiental, donde el infante aprende los conocimientos necesarios para el cuidado y\u2026","rel":"","context":"Entrada similar ","block_context":{"text":"Entrada similar ","link":""},"img":{"alt_text":"","src":"https:\/\/i0.wp.com\/yumka.org.mx\/wp-content\/uploads\/2017\/07\/curso-verano2017-300x278.png?resize=350%2C200","width":350,"height":200},"classes":[]},{"id":2671,"url":"http:\/\/yumka.gob.mx\/?page_id=2671","url_meta":{"origin":1766,"position":4},"title":"Bolsa de Trabajo Yumka&#8217;","author":"Ram\u00f3n de Jesus Estudillo","date":"23 febrero, 2021","format":false,"excerpt":"Concurso para ocupar cargos p\u00fablicos Por el momento y por los eventos generados por la pandemia no se est\u00e1n generando concursos para ocupar cargos p\u00fablicos dentro de esta instituci\u00f3n.","rel":"","context":"Entrada similar ","block_context":{"text":"Entrada similar ","link":""},"img":{"alt_text":"","src":"https:\/\/i0.wp.com\/yumka.gob.mx\/wp-content\/uploads\/2021\/02\/lupa.jpg?resize=350%2C200","width":350,"height":200,"srcset":"https:\/\/i0.wp.com\/yumka.gob.mx\/wp-content\/uploads\/2021\/02\/lupa.jpg?resize=350%2C200 1x, https:\/\/i0.wp.com\/yumka.gob.mx\/wp-content\/uploads\/2021\/02\/lupa.jpg?resize=525%2C300 1.5x, https:\/\/i0.wp.com\/yumka.gob.mx\/wp-content\/uploads\/2021\/02\/lupa.jpg?resize=700%2C400 2x"},"classes":[]},{"id":1919,"url":"http:\/\/yumka.gob.mx\/?page_id=1919","url_meta":{"origin":1766,"position":5},"title":"Yumk\u00e1 por el Dr. Luis Palazuelos Plata","author":"Ram\u00f3n de Jesus Estudillo","date":"6 abril, 2017","format":false,"excerpt":"\u00a0 EN LA SELVA TABASQUE\u00d1A TIENE LUGAR UN EXPERIMENTO FORMIDABLE: EL CENTRO DE INTERPRETACI\u00d3N\u00a0Y CONVIVENCIA CON LA NATURALEZA YUMK\u00c1 Yumk\u00e1, se\u00f1or de la selva y los animales se encuentra en Tabasco. Seg\u00fan la cultura Chontal, este personaje protege a la naturaleza que, pr\u00f3diga, sent\u00f3 sus reales en \u00e9sta regi\u00f3n de\u2026","rel":"","context":"Entrada similar ","block_context":{"text":"Entrada similar ","link":""},"img":{"alt_text":"Yumka_LogoHistorico","src":"https:\/\/i0.wp.com\/yumka.org.mx\/wp-content\/uploads\/2016\/11\/Yumka_LogoHistorico-220x198.jpg?resize=350%2C200","width":350,"height":200},"classes":[]}],"_links":{"self":[{"href":"http:\/\/yumka.gob.mx\/index.php?rest_route=\/wp\/v2\/pages\/1766","targetHints":{"allow":["GET"]}}],"collection":[{"href":"http:\/\/yumka.gob.mx\/index.php?rest_route=\/wp\/v2\/pages"}],"about":[{"href":"http:\/\/yumka.gob.mx\/index.php?rest_route=\/wp\/v2\/types\/page"}],"author":[{"embeddable":true,"href":"http:\/\/yumka.gob.mx\/index.php?rest_route=\/wp\/v2\/users\/2"}],"replies":[{"embeddable":true,"href":"http:\/\/yumka.gob.mx\/index.php?rest_route=%2Fwp%2Fv2%2Fcomments&post=1766"}],"version-history":[{"count":14,"href":"http:\/\/yumka.gob.mx\/index.php?rest_route=\/wp\/v2\/pages\/1766\/revisions"}],"predecessor-version":[{"id":2345,"href":"http:\/\/yumka.gob.mx\/index.php?rest_route=\/wp\/v2\/pages\/1766\/revisions\/2345"}],"wp:attachment":[{"href":"http:\/\/yumka.gob.mx\/index.php?rest_route=%2Fwp%2Fv2%2Fmedia&parent=1766"}],"curies":[{"name":"wp","href":"https:\/\/api.w.org\/{rel}","templated":true}]}}