{"id":1919,"date":"2017-04-06T15:04:54","date_gmt":"2017-04-06T21:04:54","guid":{"rendered":"http:\/\/yumka.org.mx\/?page_id=1919"},"modified":"2017-05-04T10:05:24","modified_gmt":"2017-05-04T16:05:24","slug":"yumka-por-el-dr-luis-palazuelos-plata","status":"publish","type":"page","link":"http:\/\/yumka.gob.mx\/?page_id=1919","title":{"rendered":"Yumk\u00e1 por el Dr. Luis Palazuelos Plata"},"content":{"rendered":"\t\t<div data-elementor-type=\"wp-page\" data-elementor-id=\"1919\" class=\"elementor elementor-1919 elementor-bc-flex-widget\">\n\t\t\t\t\t\t<section class=\"elementor-section elementor-top-section elementor-element elementor-element-5g8tjfl elementor-section-boxed elementor-section-height-default elementor-section-height-default\" data-id=\"5g8tjfl\" data-element_type=\"section\" data-e-type=\"section\">\n\t\t\t\t\t\t<div class=\"elementor-container elementor-column-gap-default\">\n\t\t\t\t\t<div class=\"elementor-column elementor-col-100 elementor-top-column elementor-element elementor-element-gbgt5h0\" data-id=\"gbgt5h0\" data-element_type=\"column\" data-e-type=\"column\">\n\t\t\t<div class=\"elementor-widget-wrap elementor-element-populated\">\n\t\t\t\t\t\t<div class=\"elementor-element elementor-element-svn013z elementor-widget elementor-widget-heading\" data-id=\"svn013z\" data-element_type=\"widget\" data-e-type=\"widget\" data-widget_type=\"heading.default\">\n\t\t\t\t<div class=\"elementor-widget-container\">\n\t\t\t\t\t<h3 class=\"elementor-heading-title elementor-size-default\">EN LA SELVA TABASQUE\u00d1A TIENE LUGAR UN EXPERIMENTO FORMIDABLE: EL CENTRO DE INTERPRETACI\u00d3N\u00a0Y CONVIVENCIA CON LA NATURALEZA YUMK\u00c1<\/h3>\t\t\t\t<\/div>\n\t\t\t\t<\/div>\n\t\t\t\t<div class=\"elementor-element elementor-element-6mxyp0n elementor-widget elementor-widget-image-carousel\" data-id=\"6mxyp0n\" data-element_type=\"widget\" data-e-type=\"widget\" data-settings=\"{&quot;slides_to_show&quot;:&quot;2&quot;,&quot;navigation&quot;:&quot;none&quot;,&quot;autoplay&quot;:&quot;yes&quot;,&quot;pause_on_hover&quot;:&quot;yes&quot;,&quot;pause_on_interaction&quot;:&quot;yes&quot;,&quot;autoplay_speed&quot;:5000,&quot;infinite&quot;:&quot;yes&quot;,&quot;speed&quot;:500}\" data-widget_type=\"image-carousel.default\">\n\t\t\t\t<div class=\"elementor-widget-container\">\n\t\t\t\t\t\t\t<div class=\"elementor-image-carousel-wrapper swiper\" role=\"region\" aria-roledescription=\"carousel\" aria-label=\"Carrusel de Im\u00e1genes\" dir=\"ltr\">\n\t\t\t<div class=\"elementor-image-carousel swiper-wrapper\" aria-live=\"off\">\n\t\t\t\t\t\t\t\t<div class=\"swiper-slide\" role=\"group\" aria-roledescription=\"slide\" aria-label=\"1 de 2\"><figure class=\"swiper-slide-inner\"><img decoding=\"async\" class=\"swiper-slide-image\" src=\"https:\/\/i0.wp.com\/yumka.gob.mx\/wp-content\/uploads\/2016\/11\/Yumka_LogoHistorico.jpg?fit=220%2C198\" alt=\"Yumka_LogoHistorico\" \/><\/figure><\/div><div class=\"swiper-slide\" role=\"group\" aria-roledescription=\"slide\" aria-label=\"2 de 2\"><figure class=\"swiper-slide-inner\"><img decoding=\"async\" class=\"swiper-slide-image\" src=\"https:\/\/i0.wp.com\/yumka.gob.mx\/wp-content\/uploads\/2016\/11\/LOGOYUMKA.png?fit=220%2C144\" alt=\"LOGOYUMKA\" \/><\/figure><\/div>\t\t\t<\/div>\n\t\t\t\t\t\t\t\n\t\t\t\t\t\t\t\t\t<\/div>\n\t\t\t\t\t\t<\/div>\n\t\t\t\t<\/div>\n\t\t\t\t<div class=\"elementor-element elementor-element-oqpwill elementor-widget elementor-widget-text-editor\" data-id=\"oqpwill\" data-element_type=\"widget\" data-e-type=\"widget\" data-widget_type=\"text-editor.default\">\n\t\t\t\t<div class=\"elementor-widget-container\">\n\t\t\t\t\t\t\t\t\t<p align=\"justify\">Yumk\u00e1, se\u00f1or de la selva y los animales se encuentra en Tabasco. Seg\u00fan la cultura Chontal, este personaje protege a la naturaleza que, pr\u00f3diga, sent\u00f3 sus reales en \u00e9sta regi\u00f3n de M\u00e9xico, rica en pastizales y agua, con una flora variad\u00edsima en corpulentos \u00e1rboles maderables y frutales con sabor inigualable. La fauna tanto acu\u00e1tica como terrestre, es variada y fascinante, encontr\u00e1ndose ligada a la vegetaci\u00f3n selv\u00e1tica que, hasta hace pocos a\u00f1os, cubri\u00f3 casi todo Tabasco.<\/p><p align=\"justify\">El verde, permanente durante todo el a\u00f1o, variando sus matices seg\u00fan la \u00e9poca, invita al descanso y la meditaci\u00f3n. La degradaci\u00f3n del medio ambiente, por carencia de una educaci\u00f3n ecol\u00f3gica, ha llevado a Tabasco a perder sus selvas, quedando un 3% de lo que originalmente ten\u00eda. Con tristeza, se sigue apreciando el derribe de milenarios \u00e1rboles, la quema de plantas y el uso inmoderado de productos qu\u00edmicos en el campo, con el consecuente envenenamiento de lagunas, r\u00edos y mares.<\/p><p align=\"justify\">La conservaci\u00f3n de los recursos naturales es una prioridad innegable y actual. Esta requiere tiempo, dinero y esfuerzo. Adem\u00e1s, aqu\u00ed la educaci\u00f3n desempe\u00f1a un papel fundamental. Este es el principal objetivo de Yumk\u00e1, el primer Centro de Interpretaci\u00f3n y Convivencia con la Naturaleza que se establece en el pa\u00eds.<\/p><p align=\"justify\">El origen del Yumk\u00e1, se fue dando por diferentes eventos: el primero es la construcci\u00f3n del aeropuerto local de Villahermosa en 1982, desmont\u00e1ndose alrededor de 60 hect\u00e1reas para la ubicaci\u00f3n de la pista y camino perimetral de la misma, dejando solamente las 32 hect\u00e1reas de selva h\u00fameda que permanecen hasta el d\u00eda de hoy. De tal manera que para evitar su destrucci\u00f3n la cual se ten\u00eda contemplada, en 1984 el gobierno del estado las adquiere y agrega el predio colindante de 68 hect\u00e1reas de pastizal, hoy utilizado como \u00e1rea de estacionamiento, recepci\u00f3n, sabana y jard\u00edn recreativo.<\/p><p>A partir de 1984 se intenta manejar esta reserva en diferentes conceptos que permitieran su conservaci\u00f3n y mantenimiento apoyado en visitas escolares y tur\u00edsticas, un vivero, un reservorio de animales de la regi\u00f3n y es entonces cuando se empiezan a construir obras de infraestructura b\u00e1sica: delimitar la selva con cerco enmallado ya que la gente segu\u00eda llegando a tirar basura, robar madera, cazar venados y en concreto, destruir lo que quedaba.<\/p><p>En diciembre 15 de 1987 se da protecci\u00f3n legal a las 101 hect\u00e1reas al decretarse \u00e1rea natural clasificada como reserva ecol\u00f3gica en la modalidad de Centro de Interpretaci\u00f3n de la Naturaleza (CIN) pasando a formar parte del Sistema de \u00e1reas naturales protegidas de Tabasco.<\/p><p>En 1992, se emprende una pol\u00edtica ecol\u00f3gica sin precedentes para la entidad, implementando el Programa Tabasco de educaci\u00f3n, gesti\u00f3n y mejoramiento ecol\u00f3gico (Prot\u00e9geme), integrando todas las reservas y \u00e1reas protegidas del estado.<\/p><p align=\"justify\">Con la visi\u00f3n en la conservaci\u00f3n y uso del recurso natural, se decide impulsar y adecuar el Centro de Interpretaci\u00f3n de la Naturaleza, de tal manera que en 1992 se le pone el nombre de Yumk\u00e1. A partir de julio de 1992 a abril de 1993 queda listo el Yumk\u00e1 para dar servicio a los visitantes, el personal que lo hizo posible est\u00e1 totalmente identificado con su misi\u00f3n pues la mayor\u00eda lleg\u00f3 desde el inicio del proyecto y siguen en \u00e9l, respondiendo al compromiso de preservar y ofrecer lo mejor del Centro al visitante. En esa misma etapa el Yumk\u00e1 cambia su denominaci\u00f3n a Centro de Interpretaci\u00f3n y Convivencia con la Naturaleza a sugerencia del Presidente de la Rep\u00fablica quien lo inaugura junto con el Gobernador, el 23 de mayo de 1993 entrando en operaci\u00f3n de inmediato, con lo que no queda duda, Yumk\u00e1 vive en Tabasco.<\/p>\t\t\t\t\t\t\t\t<\/div>\n\t\t\t\t<\/div>\n\t\t\t\t<section class=\"elementor-section elementor-inner-section elementor-element elementor-element-4b84d2m elementor-section-boxed elementor-section-height-default elementor-section-height-default\" data-id=\"4b84d2m\" data-element_type=\"section\" data-e-type=\"section\">\n\t\t\t\t\t\t<div class=\"elementor-container elementor-column-gap-default\">\n\t\t\t\t\t<div class=\"elementor-column elementor-col-33 elementor-inner-column elementor-element elementor-element-rududum\" data-id=\"rududum\" data-element_type=\"column\" data-e-type=\"column\">\n\t\t\t<div class=\"elementor-widget-wrap\">\n\t\t\t\t\t\t\t<\/div>\n\t\t<\/div>\n\t\t\t\t<div class=\"elementor-column elementor-col-33 elementor-inner-column elementor-element elementor-element-od7otp7\" data-id=\"od7otp7\" data-element_type=\"column\" data-e-type=\"column\">\n\t\t\t<div class=\"elementor-widget-wrap elementor-element-populated\">\n\t\t\t\t\t\t<div class=\"elementor-element elementor-element-oe392lc elementor-widget elementor-widget-image\" data-id=\"oe392lc\" data-element_type=\"widget\" data-e-type=\"widget\" data-widget_type=\"image.default\">\n\t\t\t\t<div class=\"elementor-widget-container\">\n\t\t\t\t\t\t\t\t\t\t\t\t\t\t\t<img data-recalc-dims=\"1\" height=\"100\" width=\"100\" decoding=\"async\" src=\"https:\/\/i0.wp.com\/yumka.gob.mx\/wp-content\/uploads\/2017\/04\/dr-palazuelos.png?resize=100%2C100\" title=\"dr-palazuelos\" alt=\"dr-palazuelos\" loading=\"lazy\" \/>\t\t\t\t\t\t\t\t\t\t\t\t\t\t\t<\/div>\n\t\t\t\t<\/div>\n\t\t\t\t\t<\/div>\n\t\t<\/div>\n\t\t\t\t<div class=\"elementor-column elementor-col-33 elementor-inner-column elementor-element elementor-element-c84z1n2\" data-id=\"c84z1n2\" data-element_type=\"column\" data-e-type=\"column\">\n\t\t\t<div class=\"elementor-widget-wrap elementor-element-populated\">\n\t\t\t\t\t\t<div class=\"elementor-element elementor-element-hj72gcy elementor-widget elementor-widget-heading\" data-id=\"hj72gcy\" data-element_type=\"widget\" data-e-type=\"widget\" data-widget_type=\"heading.default\">\n\t\t\t\t<div class=\"elementor-widget-container\">\n\t\t\t\t\t<p class=\"elementor-heading-title elementor-size-default\">Relato del Ex Director General del Yumk\u00e1, el Dr. Luis Palazuelos Plata. <\/p>\t\t\t\t<\/div>\n\t\t\t\t<\/div>\n\t\t\t\t\t<\/div>\n\t\t<\/div>\n\t\t\t\t\t<\/div>\n\t\t<\/section>\n\t\t\t\t\t<\/div>\n\t\t<\/div>\n\t\t\t\t\t<\/div>\n\t\t<\/section>\n\t\t\t\t<\/div>\n\t\t","protected":false},"excerpt":{"rendered":"<p>&nbsp; EN LA SELVA TABASQUE\u00d1A TIENE LUGAR UN EXPERIMENTO FORMIDABLE: EL CENTRO DE INTERPRETACI\u00d3N\u00a0Y CONVIVENCIA CON LA NATURALEZA YUMK\u00c1 Yumk\u00e1, se\u00f1or de la selva y los animales se encuentra en Tabasco. Seg\u00fan la cultura Chontal, este personaje protege a la naturaleza que, pr\u00f3diga, sent\u00f3 sus reales en \u00e9sta regi\u00f3n de M\u00e9xico, rica en pastizales y [&hellip;]<\/p>\n","protected":false},"author":2,"featured_media":0,"parent":0,"menu_order":0,"comment_status":"closed","ping_status":"closed","template":"","meta":{"jetpack_post_was_ever_published":false,"footnotes":""},"class_list":["post-1919","page","type-page","status-publish","hentry"],"jetpack_sharing_enabled":true,"jetpack_shortlink":"https:\/\/wp.me\/PciRc3-uX","jetpack-related-posts":[{"id":1025,"url":"http:\/\/yumka.gob.mx\/?page_id=1025","url_meta":{"origin":1919,"position":0},"title":"Acerca de nuestra \u00e1rea natural protegida","author":"Ram\u00f3n de Jesus Estudillo","date":"24 noviembre, 2016","format":false,"excerpt":"\u00a0 Sabes que significa la palabra Yumk\u00e1? La palabra Yumka\u00b4 significa en maya: \"Duende que cuida de la selva y los animales\". Los Chontales cre\u00edan firmemente en la existencia de un personaje que cuidaba de las plantas y los animales, al que llamaban Yumka\u00b4. Nuestra Misi\u00f3n Contribuir a la conservaci\u00f3n\u2026","rel":"","context":"Entrada similar ","block_context":{"text":"Entrada similar ","link":""},"img":{"alt_text":"","src":"https:\/\/i0.wp.com\/museopapagayo.com\/yumka\/wp-content\/uploads\/2016\/11\/Yumka_LogoHistorico-300x270.jpg?resize=350%2C200","width":350,"height":200},"classes":[]},{"id":1942,"url":"http:\/\/yumka.gob.mx\/?page_id=1942","url_meta":{"origin":1919,"position":1},"title":"Programa tu visita","author":"Ram\u00f3n de Jesus Estudillo","date":"7 abril, 2017","format":false,"excerpt":"\u00a0 \u00a0 \u00a0 Si tu escuela tiene pensado vivir la aventura del Yumk\u00e1, es muy sencillo planear tu visita con nosotros.\u00a0 \u00a0 \u00a0 S\u00f3lo necesitas enviar un oficio dirigido al \"Lic. Mario Rafael Llergo Latournerie,\u00a0 Secretario de Bienestar, Sustentabilidad y Cambio Clim\u00e1tico\", en una hoja membretada oficial de la escuela\u2026","rel":"","context":"Entrada similar ","block_context":{"text":"Entrada similar ","link":""},"img":{"alt_text":"","src":"https:\/\/i0.wp.com\/yumka.gob.mx\/wp-content\/uploads\/2017\/04\/Camion_yumka.jpg?fit=1200%2C406&resize=350%2C200","width":350,"height":200,"srcset":"https:\/\/i0.wp.com\/yumka.gob.mx\/wp-content\/uploads\/2017\/04\/Camion_yumka.jpg?fit=1200%2C406&resize=350%2C200 1x, https:\/\/i0.wp.com\/yumka.gob.mx\/wp-content\/uploads\/2017\/04\/Camion_yumka.jpg?fit=1200%2C406&resize=525%2C300 1.5x, https:\/\/i0.wp.com\/yumka.gob.mx\/wp-content\/uploads\/2017\/04\/Camion_yumka.jpg?fit=1200%2C406&resize=700%2C400 2x, https:\/\/i0.wp.com\/yumka.gob.mx\/wp-content\/uploads\/2017\/04\/Camion_yumka.jpg?fit=1200%2C406&resize=1050%2C600 3x"},"classes":[]},{"id":2357,"url":"http:\/\/yumka.gob.mx\/?page_id=2357","url_meta":{"origin":1919,"position":2},"title":"Cuidando al Yumka","author":"Ram\u00f3n de Jesus Estudillo","date":"8 abril, 2020","format":false,"excerpt":"El Centro de Interpretaci\u00f3n\u00a0y Convivencia con la Naturaleza Yumka', esta temporalmente cerrado al p\u00fablico por decreto gubernamental, hasta nuevo aviso. Leer m\u00e1s.. Men\u00fa Una magn\u00edfica labor que debe reconocerse Por el\u00a0Lic. Jorge Ra\u00fal Milla -\u00a0 Director General del C.I.C.N. Yumka' Teniendo a mi cargo el Centro de Interpretaci\u00f3n y Convivencia\u2026","rel":"","context":"Entrada similar ","block_context":{"text":"Entrada similar ","link":""},"img":{"alt_text":"","src":"https:\/\/i0.wp.com\/yumka.org.mx\/wp-content\/uploads\/2017\/03\/yumka-logo.png?resize=350%2C200","width":350,"height":200},"classes":[]},{"id":985,"url":"http:\/\/yumka.gob.mx\/","url_meta":{"origin":1919,"position":3},"title":"Yumka&#8217;","author":"Ram\u00f3n de Jesus Estudillo","date":"24 noviembre, 2016","format":false,"excerpt":"Vive la experiencia Yumka' Ll\u00e1manos para mas informaci\u00f3n al 01 (993) 980 41 44 Yumka' es un Centro de Interpretaci\u00f3n y Convivencia con la Naturaleza que lleva 30 a\u00f1os al servicio del p\u00fablico. Uno de sus objetivos es promover actividades de educaci\u00f3n ambiental no formal, es decir trasmitir conocimiento, aptitudes\u2026","rel":"","context":"Entrada similar ","block_context":{"text":"Entrada similar ","link":""},"img":{"alt_text":"","src":"https:\/\/i0.wp.com\/yumka.gob.mx\/wp-content\/uploads\/2020\/10\/AvisoCierradoYumka-1.jpg?fit=1200%2C1200&resize=350%2C200","width":350,"height":200,"srcset":"https:\/\/i0.wp.com\/yumka.gob.mx\/wp-content\/uploads\/2020\/10\/AvisoCierradoYumka-1.jpg?fit=1200%2C1200&resize=350%2C200 1x, https:\/\/i0.wp.com\/yumka.gob.mx\/wp-content\/uploads\/2020\/10\/AvisoCierradoYumka-1.jpg?fit=1200%2C1200&resize=525%2C300 1.5x, https:\/\/i0.wp.com\/yumka.gob.mx\/wp-content\/uploads\/2020\/10\/AvisoCierradoYumka-1.jpg?fit=1200%2C1200&resize=700%2C400 2x, https:\/\/i0.wp.com\/yumka.gob.mx\/wp-content\/uploads\/2020\/10\/AvisoCierradoYumka-1.jpg?fit=1200%2C1200&resize=1050%2C600 3x"},"classes":[]},{"id":1766,"url":"http:\/\/yumka.gob.mx\/?page_id=1766","url_meta":{"origin":1919,"position":4},"title":"Transporte publico","author":"Ram\u00f3n de Jesus Estudillo","date":"27 marzo, 2017","format":false,"excerpt":"\u00a0 \u00bfCuales son los sitios donde puedo tomar un transporte p\u00fablico que me lleve al Yumka'? Actualmente se cuenta en Villahermosa, Tabasco, con dos medios de transporte p\u00fablico que te pueden llevar al Yumka'. Una son las llamadas combis, estas se pueden distinguir por que son de color blanco con\u2026","rel":"","context":"Entrada similar ","block_context":{"text":"Entrada similar ","link":""},"img":{"alt_text":"","src":"","width":0,"height":0},"classes":[]},{"id":2064,"url":"http:\/\/yumka.gob.mx\/?page_id=2064","url_meta":{"origin":1919,"position":5},"title":"Programa de actividades del curso de verano 2017.","author":"Ram\u00f3n de Jesus Estudillo","date":"6 julio, 2017","format":false,"excerpt":"PRIMER DIA LUNES 31 DE JULIO (INAUGURACI\u00d3N) 8:30 \u2013 9:00 El responsable del Curso de Verano llega a las 8:30 A.M. al estacionamiento del Parque Museo La Venta, para estar en espera de la llegada de cada participante, el tiempo de espera es 30 min. 9:30 \u2013 10:30 Llegando a\u2026","rel":"","context":"Entrada similar ","block_context":{"text":"Entrada similar ","link":""},"img":{"alt_text":"","src":"","width":0,"height":0},"classes":[]}],"_links":{"self":[{"href":"http:\/\/yumka.gob.mx\/index.php?rest_route=\/wp\/v2\/pages\/1919","targetHints":{"allow":["GET"]}}],"collection":[{"href":"http:\/\/yumka.gob.mx\/index.php?rest_route=\/wp\/v2\/pages"}],"about":[{"href":"http:\/\/yumka.gob.mx\/index.php?rest_route=\/wp\/v2\/types\/page"}],"author":[{"embeddable":true,"href":"http:\/\/yumka.gob.mx\/index.php?rest_route=\/wp\/v2\/users\/2"}],"replies":[{"embeddable":true,"href":"http:\/\/yumka.gob.mx\/index.php?rest_route=%2Fwp%2Fv2%2Fcomments&post=1919"}],"version-history":[{"count":27,"href":"http:\/\/yumka.gob.mx\/index.php?rest_route=\/wp\/v2\/pages\/1919\/revisions"}],"predecessor-version":[{"id":2036,"href":"http:\/\/yumka.gob.mx\/index.php?rest_route=\/wp\/v2\/pages\/1919\/revisions\/2036"}],"wp:attachment":[{"href":"http:\/\/yumka.gob.mx\/index.php?rest_route=%2Fwp%2Fv2%2Fmedia&parent=1919"}],"curies":[{"name":"wp","href":"https:\/\/api.w.org\/{rel}","templated":true}]}}