{"id":2671,"date":"2021-02-23T11:21:03","date_gmt":"2021-02-23T17:21:03","guid":{"rendered":"http:\/\/yumka.gob.mx\/?page_id=2671"},"modified":"2021-02-23T11:48:14","modified_gmt":"2021-02-23T17:48:14","slug":"bolsa-de-trabajo-yumka","status":"publish","type":"page","link":"http:\/\/yumka.gob.mx\/?page_id=2671","title":{"rendered":"Bolsa de Trabajo Yumka&#8217;"},"content":{"rendered":"\t\t<div data-elementor-type=\"wp-page\" data-elementor-id=\"2671\" class=\"elementor elementor-2671\">\n\t\t\t\t\t\t<section class=\"elementor-section elementor-top-section elementor-element elementor-element-ec117cd elementor-section-full_width elementor-section-stretched elementor-section-height-default elementor-section-height-default\" data-id=\"ec117cd\" data-element_type=\"section\" data-e-type=\"section\" data-settings=\"{&quot;stretch_section&quot;:&quot;section-stretched&quot;}\">\n\t\t\t\t\t\t<div class=\"elementor-container elementor-column-gap-default\">\n\t\t\t\t\t<div class=\"elementor-column elementor-col-100 elementor-top-column elementor-element elementor-element-bb15eb9\" data-id=\"bb15eb9\" data-element_type=\"column\" data-e-type=\"column\">\n\t\t\t<div class=\"elementor-widget-wrap elementor-element-populated\">\n\t\t\t\t\t\t<div class=\"elementor-element elementor-element-cdc87cb elementor-widget elementor-widget-image\" data-id=\"cdc87cb\" data-element_type=\"widget\" data-e-type=\"widget\" data-widget_type=\"image.default\">\n\t\t\t\t<div class=\"elementor-widget-container\">\n\t\t\t\t\t\t\t\t\t\t\t\t\t\t\t<img fetchpriority=\"high\" decoding=\"async\" data-attachment-id=\"2678\" data-permalink=\"http:\/\/yumka.gob.mx\/?attachment_id=2678\" data-orig-file=\"https:\/\/i0.wp.com\/yumka.gob.mx\/wp-content\/uploads\/2021\/02\/lupa.jpg?fit=1000%2C642\" data-orig-size=\"1000,642\" data-comments-opened=\"0\" data-image-meta=\"{&quot;aperture&quot;:&quot;0&quot;,&quot;credit&quot;:&quot;&quot;,&quot;camera&quot;:&quot;&quot;,&quot;caption&quot;:&quot;&quot;,&quot;created_timestamp&quot;:&quot;0&quot;,&quot;copyright&quot;:&quot;&quot;,&quot;focal_length&quot;:&quot;0&quot;,&quot;iso&quot;:&quot;0&quot;,&quot;shutter_speed&quot;:&quot;0&quot;,&quot;title&quot;:&quot;&quot;,&quot;orientation&quot;:&quot;0&quot;}\" data-image-title=\"lupa\" data-image-description=\"\" data-image-caption=\"\" data-large-file=\"https:\/\/i0.wp.com\/yumka.gob.mx\/wp-content\/uploads\/2021\/02\/lupa.jpg?fit=960%2C616\" width=\"1000\" height=\"642\" src=\"https:\/\/i0.wp.com\/yumka.gob.mx\/wp-content\/uploads\/2021\/02\/lupa.jpg?fit=1000%2C642\" class=\"attachment-full size-full wp-image-2678\" alt=\"\" srcset=\"https:\/\/i0.wp.com\/yumka.gob.mx\/wp-content\/uploads\/2021\/02\/lupa.jpg?w=1000 1000w, https:\/\/i0.wp.com\/yumka.gob.mx\/wp-content\/uploads\/2021\/02\/lupa.jpg?resize=300%2C193 300w, https:\/\/i0.wp.com\/yumka.gob.mx\/wp-content\/uploads\/2021\/02\/lupa.jpg?resize=768%2C493 768w, https:\/\/i0.wp.com\/yumka.gob.mx\/wp-content\/uploads\/2021\/02\/lupa.jpg?resize=200%2C128 200w, https:\/\/i0.wp.com\/yumka.gob.mx\/wp-content\/uploads\/2021\/02\/lupa.jpg?resize=220%2C141 220w, https:\/\/i0.wp.com\/yumka.gob.mx\/wp-content\/uploads\/2021\/02\/lupa.jpg?resize=368%2C236 368w\" sizes=\"(max-width: 960px) 100vw, 960px\" data-attachment-id=\"2678\" data-permalink=\"http:\/\/yumka.gob.mx\/?attachment_id=2678\" data-orig-file=\"https:\/\/i0.wp.com\/yumka.gob.mx\/wp-content\/uploads\/2021\/02\/lupa.jpg?fit=1000%2C642\" data-orig-size=\"1000,642\" data-comments-opened=\"0\" data-image-meta=\"{&quot;aperture&quot;:&quot;0&quot;,&quot;credit&quot;:&quot;&quot;,&quot;camera&quot;:&quot;&quot;,&quot;caption&quot;:&quot;&quot;,&quot;created_timestamp&quot;:&quot;0&quot;,&quot;copyright&quot;:&quot;&quot;,&quot;focal_length&quot;:&quot;0&quot;,&quot;iso&quot;:&quot;0&quot;,&quot;shutter_speed&quot;:&quot;0&quot;,&quot;title&quot;:&quot;&quot;,&quot;orientation&quot;:&quot;0&quot;}\" data-image-title=\"lupa\" data-image-description=\"\" data-image-caption=\"\" data-large-file=\"https:\/\/i0.wp.com\/yumka.gob.mx\/wp-content\/uploads\/2021\/02\/lupa.jpg?fit=960%2C616\" \/>\t\t\t\t\t\t\t\t\t\t\t\t\t\t\t<\/div>\n\t\t\t\t<\/div>\n\t\t\t\t\t<\/div>\n\t\t<\/div>\n\t\t\t\t\t<\/div>\n\t\t<\/section>\n\t\t\t\t<section class=\"elementor-section elementor-top-section elementor-element elementor-element-1311949 elementor-section-boxed elementor-section-height-default elementor-section-height-default\" data-id=\"1311949\" data-element_type=\"section\" data-e-type=\"section\">\n\t\t\t\t\t\t<div class=\"elementor-container elementor-column-gap-default\">\n\t\t\t\t\t<div class=\"elementor-column elementor-col-100 elementor-top-column elementor-element elementor-element-190b3fd\" data-id=\"190b3fd\" data-element_type=\"column\" data-e-type=\"column\">\n\t\t\t<div class=\"elementor-widget-wrap elementor-element-populated\">\n\t\t\t\t\t\t<div class=\"elementor-element elementor-element-e48f436 elementor-widget elementor-widget-heading\" data-id=\"e48f436\" data-element_type=\"widget\" data-e-type=\"widget\" data-widget_type=\"heading.default\">\n\t\t\t\t<div class=\"elementor-widget-container\">\n\t\t\t\t\t<h2 class=\"elementor-heading-title elementor-size-default\">Concurso para ocupar cargos p\u00fablicos <\/h2>\t\t\t\t<\/div>\n\t\t\t\t<\/div>\n\t\t\t\t<div class=\"elementor-element elementor-element-0fcbda0 elementor-widget elementor-widget-text-editor\" data-id=\"0fcbda0\" data-element_type=\"widget\" data-e-type=\"widget\" data-widget_type=\"text-editor.default\">\n\t\t\t\t<div class=\"elementor-widget-container\">\n\t\t\t\t\t\t\t\t\t<p>Por el momento y por los eventos generados por la pandemia no se est\u00e1n generando concursos para ocupar cargos p\u00fablicos dentro de esta instituci\u00f3n.<\/p>\t\t\t\t\t\t\t\t<\/div>\n\t\t\t\t<\/div>\n\t\t\t\t\t<\/div>\n\t\t<\/div>\n\t\t\t\t\t<\/div>\n\t\t<\/section>\n\t\t\t\t<\/div>\n\t\t","protected":false},"excerpt":{"rendered":"<p>Concurso para ocupar cargos p\u00fablicos Por el momento y por los eventos generados por la pandemia no se est\u00e1n generando concursos para ocupar cargos p\u00fablicos dentro de esta instituci\u00f3n.<\/p>\n","protected":false},"author":2,"featured_media":0,"parent":0,"menu_order":0,"comment_status":"closed","ping_status":"closed","template":"","meta":{"jetpack_post_was_ever_published":false,"footnotes":""},"class_list":["post-2671","page","type-page","status-publish","hentry"],"jetpack_sharing_enabled":true,"jetpack_shortlink":"https:\/\/wp.me\/PciRc3-H5","jetpack-related-posts":[{"id":2064,"url":"http:\/\/yumka.gob.mx\/?page_id=2064","url_meta":{"origin":2671,"position":0},"title":"Programa de actividades del curso de verano 2017.","author":"Ram\u00f3n de Jesus Estudillo","date":"6 julio, 2017","format":false,"excerpt":"PRIMER DIA LUNES 31 DE JULIO (INAUGURACI\u00d3N) 8:30 \u2013 9:00 El responsable del Curso de Verano llega a las 8:30 A.M. al estacionamiento del Parque Museo La Venta, para estar en espera de la llegada de cada participante, el tiempo de espera es 30 min. 9:30 \u2013 10:30 Llegando a\u2026","rel":"","context":"Entrada similar ","block_context":{"text":"Entrada similar ","link":""},"img":{"alt_text":"","src":"","width":0,"height":0},"classes":[]},{"id":2357,"url":"http:\/\/yumka.gob.mx\/?page_id=2357","url_meta":{"origin":2671,"position":1},"title":"Cuidando al Yumka","author":"Ram\u00f3n de Jesus Estudillo","date":"8 abril, 2020","format":false,"excerpt":"El Centro de Interpretaci\u00f3n\u00a0y Convivencia con la Naturaleza Yumka', esta temporalmente cerrado al p\u00fablico por decreto gubernamental, hasta nuevo aviso. Leer m\u00e1s.. Men\u00fa Una magn\u00edfica labor que debe reconocerse Por el\u00a0Lic. Jorge Ra\u00fal Milla -\u00a0 Director General del C.I.C.N. Yumka' Teniendo a mi cargo el Centro de Interpretaci\u00f3n y Convivencia\u2026","rel":"","context":"Entrada similar ","block_context":{"text":"Entrada similar ","link":""},"img":{"alt_text":"","src":"https:\/\/i0.wp.com\/yumka.org.mx\/wp-content\/uploads\/2017\/03\/yumka-logo.png?resize=350%2C200","width":350,"height":200},"classes":[]},{"id":1766,"url":"http:\/\/yumka.gob.mx\/?page_id=1766","url_meta":{"origin":2671,"position":2},"title":"Transporte publico","author":"Ram\u00f3n de Jesus Estudillo","date":"27 marzo, 2017","format":false,"excerpt":"\u00a0 \u00bfCuales son los sitios donde puedo tomar un transporte p\u00fablico que me lleve al Yumka'? Actualmente se cuenta en Villahermosa, Tabasco, con dos medios de transporte p\u00fablico que te pueden llevar al Yumka'. Una son las llamadas combis, estas se pueden distinguir por que son de color blanco con\u2026","rel":"","context":"Entrada similar ","block_context":{"text":"Entrada similar ","link":""},"img":{"alt_text":"","src":"","width":0,"height":0},"classes":[]},{"id":985,"url":"http:\/\/yumka.gob.mx\/","url_meta":{"origin":2671,"position":3},"title":"Yumka&#8217;","author":"Ram\u00f3n de Jesus Estudillo","date":"24 noviembre, 2016","format":false,"excerpt":"Vive la experiencia Yumka' Ll\u00e1manos para mas informaci\u00f3n al 01 (993) 980 41 44 Yumka' es un Centro de Interpretaci\u00f3n y Convivencia con la Naturaleza que lleva 30 a\u00f1os al servicio del p\u00fablico. Uno de sus objetivos es promover actividades de educaci\u00f3n ambiental no formal, es decir trasmitir conocimiento, aptitudes\u2026","rel":"","context":"Entrada similar ","block_context":{"text":"Entrada similar ","link":""},"img":{"alt_text":"","src":"https:\/\/i0.wp.com\/yumka.gob.mx\/wp-content\/uploads\/2020\/10\/AvisoCierradoYumka-1.jpg?fit=1200%2C1200&resize=350%2C200","width":350,"height":200,"srcset":"https:\/\/i0.wp.com\/yumka.gob.mx\/wp-content\/uploads\/2020\/10\/AvisoCierradoYumka-1.jpg?fit=1200%2C1200&resize=350%2C200 1x, https:\/\/i0.wp.com\/yumka.gob.mx\/wp-content\/uploads\/2020\/10\/AvisoCierradoYumka-1.jpg?fit=1200%2C1200&resize=525%2C300 1.5x, https:\/\/i0.wp.com\/yumka.gob.mx\/wp-content\/uploads\/2020\/10\/AvisoCierradoYumka-1.jpg?fit=1200%2C1200&resize=700%2C400 2x, https:\/\/i0.wp.com\/yumka.gob.mx\/wp-content\/uploads\/2020\/10\/AvisoCierradoYumka-1.jpg?fit=1200%2C1200&resize=1050%2C600 3x"},"classes":[]},{"id":1025,"url":"http:\/\/yumka.gob.mx\/?page_id=1025","url_meta":{"origin":2671,"position":4},"title":"Acerca de nuestra \u00e1rea natural protegida","author":"Ram\u00f3n de Jesus Estudillo","date":"24 noviembre, 2016","format":false,"excerpt":"\u00a0 Sabes que significa la palabra Yumk\u00e1? La palabra Yumka\u00b4 significa en maya: \"Duende que cuida de la selva y los animales\". Los Chontales cre\u00edan firmemente en la existencia de un personaje que cuidaba de las plantas y los animales, al que llamaban Yumka\u00b4. Nuestra Misi\u00f3n Contribuir a la conservaci\u00f3n\u2026","rel":"","context":"Entrada similar ","block_context":{"text":"Entrada similar ","link":""},"img":{"alt_text":"","src":"https:\/\/i0.wp.com\/museopapagayo.com\/yumka\/wp-content\/uploads\/2016\/11\/Yumka_LogoHistorico-300x270.jpg?resize=350%2C200","width":350,"height":200},"classes":[]},{"id":1172,"url":"http:\/\/yumka.gob.mx\/?page_id=1172","url_meta":{"origin":2671,"position":5},"title":"Sample Page","author":"Ram\u00f3n de Jesus Estudillo","date":"23 noviembre, 2016","format":false,"excerpt":"This is an example page. It's different from a blog post because it will stay in one place and will show up in your site navigation (in most themes). Most people start with an About page that introduces them to potential site visitors. It might say something like this: Hi\u2026","rel":"","context":"Entrada similar ","block_context":{"text":"Entrada similar ","link":""},"img":{"alt_text":"","src":"","width":0,"height":0},"classes":[]}],"_links":{"self":[{"href":"http:\/\/yumka.gob.mx\/index.php?rest_route=\/wp\/v2\/pages\/2671","targetHints":{"allow":["GET"]}}],"collection":[{"href":"http:\/\/yumka.gob.mx\/index.php?rest_route=\/wp\/v2\/pages"}],"about":[{"href":"http:\/\/yumka.gob.mx\/index.php?rest_route=\/wp\/v2\/types\/page"}],"author":[{"embeddable":true,"href":"http:\/\/yumka.gob.mx\/index.php?rest_route=\/wp\/v2\/users\/2"}],"replies":[{"embeddable":true,"href":"http:\/\/yumka.gob.mx\/index.php?rest_route=%2Fwp%2Fv2%2Fcomments&post=2671"}],"version-history":[{"count":8,"href":"http:\/\/yumka.gob.mx\/index.php?rest_route=\/wp\/v2\/pages\/2671\/revisions"}],"predecessor-version":[{"id":2682,"href":"http:\/\/yumka.gob.mx\/index.php?rest_route=\/wp\/v2\/pages\/2671\/revisions\/2682"}],"wp:attachment":[{"href":"http:\/\/yumka.gob.mx\/index.php?rest_route=%2Fwp%2Fv2%2Fmedia&parent=2671"}],"curies":[{"name":"wp","href":"https:\/\/api.w.org\/{rel}","templated":true}]}}