{"id":36,"date":"2016-11-23T08:02:32","date_gmt":"2016-11-23T08:02:32","guid":{"rendered":"http:\/\/demowp.codeopus.net\/safaria\/?page_id=36"},"modified":"2017-03-21T16:20:03","modified_gmt":"2017-03-21T22:20:03","slug":"galeria","status":"publish","type":"page","link":"http:\/\/yumka.gob.mx\/?page_id=36","title":{"rendered":"Galer\u00eda"},"content":{"rendered":"\t\t<div data-elementor-type=\"wp-page\" data-elementor-id=\"36\" class=\"elementor elementor-36 elementor-bc-flex-widget\">\n\t\t\t\t\t\t<section class=\"elementor-section elementor-top-section elementor-element elementor-element-eql39q9 elementor-section-boxed elementor-section-height-default elementor-section-height-default\" data-id=\"eql39q9\" data-element_type=\"section\" data-e-type=\"section\">\n\t\t\t\t\t\t<div class=\"elementor-container elementor-column-gap-default\">\n\t\t\t\t\t<div class=\"elementor-column elementor-col-100 elementor-top-column elementor-element elementor-element-z4t0mas\" data-id=\"z4t0mas\" data-element_type=\"column\" data-e-type=\"column\">\n\t\t\t<div class=\"elementor-widget-wrap elementor-element-populated\">\n\t\t\t\t\t\t<div class=\"elementor-element elementor-element-cokzmw4 elementor-widget elementor-widget-wp-widget-safariaportfolio_widget\" data-id=\"cokzmw4\" data-element_type=\"widget\" data-e-type=\"widget\" data-widget_type=\"wp-widget-safariaportfolio_widget.default\">\n\t\t\t\t<div class=\"elementor-widget-container\">\n\t\t\t\t\t<div class=\"col-sm-12\"><div id=\"cdo-pffilter\"><ul class=\"option-set\" data-target=\".grid-1\"><li><span><i class=\"fa-bars\"><\/i><\/span><\/li><li class=\"selected\" data-filter=\"*\"><span>All<\/span><\/li><li data-filter=\".aviario\"><span>Aviario<\/span><\/li><li data-filter=\".entrada\"><span>Entrada<\/span><\/li><li data-filter=\".herpetario\"><span>Herpetario<\/span><\/li><li data-filter=\".isla-de-monos\"><span>Isla de Monos<\/span><\/li><li data-filter=\".miniaviario\"><span>Miniaviario<\/span><\/li><li data-filter=\".sabana-africana\"><span>Sabana Africana<\/span><\/li><li data-filter=\".sabana-asiatica\"><span>Sabana Asi\u00e1tica<\/span><\/li><li data-filter=\".selva\"><span>Selva<\/span><\/li><li data-filter=\".zona-recreativa\"><span>Zona recreativa<\/span><\/li><\/ul><\/div><\/div><div id=\"cdo-pf-con-1\" class=\"cdo-pf-container grid-1\"><div class=\"col-xs-6 col-sm-4 element sabana-africana \"><figure><img decoding=\"async\" src=\"https:\/\/i0.wp.com\/yumka.gob.mx\/wp-content\/uploads\/2017\/03\/Elefante-10.jpg?fit=960%2C720\" class=\" wp-post-image\" alt=\"\" srcset=\"https:\/\/i0.wp.com\/yumka.gob.mx\/wp-content\/uploads\/2017\/03\/Elefante-10.jpg?w=1382 1382w, https:\/\/i0.wp.com\/yumka.gob.mx\/wp-content\/uploads\/2017\/03\/Elefante-10.jpg?resize=368%2C276 368w, https:\/\/i0.wp.com\/yumka.gob.mx\/wp-content\/uploads\/2017\/03\/Elefante-10.jpg?resize=300%2C225 300w, https:\/\/i0.wp.com\/yumka.gob.mx\/wp-content\/uploads\/2017\/03\/Elefante-10.jpg?resize=768%2C576 768w, https:\/\/i0.wp.com\/yumka.gob.mx\/wp-content\/uploads\/2017\/03\/Elefante-10.jpg?resize=1024%2C768 1024w, https:\/\/i0.wp.com\/yumka.gob.mx\/wp-content\/uploads\/2017\/03\/Elefante-10.jpg?resize=200%2C150 200w, https:\/\/i0.wp.com\/yumka.gob.mx\/wp-content\/uploads\/2017\/03\/Elefante-10.jpg?resize=220%2C165 220w\" sizes=\"(max-width: 960px) 100vw, 960px\" data-attachment-id=\"1382\" data-permalink=\"\" data-orig-file=\"https:\/\/i0.wp.com\/yumka.gob.mx\/wp-content\/uploads\/2017\/03\/Elefante-10.jpg?fit=1382%2C1037\" data-orig-size=\"1382,1037\" data-comments-opened=\"1\" data-image-meta=\"{&quot;aperture&quot;:&quot;0&quot;,&quot;credit&quot;:&quot;&quot;,&quot;camera&quot;:&quot;&quot;,&quot;caption&quot;:&quot;&quot;,&quot;created_timestamp&quot;:&quot;0&quot;,&quot;copyright&quot;:&quot;&quot;,&quot;focal_length&quot;:&quot;0&quot;,&quot;iso&quot;:&quot;0&quot;,&quot;shutter_speed&quot;:&quot;0&quot;,&quot;title&quot;:&quot;&quot;,&quot;orientation&quot;:&quot;0&quot;}\" data-image-title=\"Elefante (10)\" data-image-description=\"\" data-image-caption=\"\" data-large-file=\"https:\/\/i0.wp.com\/yumka.gob.mx\/wp-content\/uploads\/2017\/03\/Elefante-10.jpg?fit=960%2C720\" \/><div class=\"pf-button-container\"><div class=\"pf-button\"><div class=\"pf-button-icon  \"><a class=\"fancybox\" href=\"http:\/\/yumka.gob.mx\/wp-content\/uploads\/2017\/03\/Elefante-10.jpg\" data-fancybox-group=\"gallery\" title=\"Elefante africano\"><i class=\"fa-search\"><\/i><\/a><\/div><\/div><\/div><\/figure><\/div><div class=\"col-xs-6 col-sm-4 element sabana-africana \"><figure><img decoding=\"async\" src=\"https:\/\/i0.wp.com\/yumka.gob.mx\/wp-content\/uploads\/2017\/03\/Rinoceronte-3.jpg?fit=960%2C638\" class=\" wp-post-image\" alt=\"\" srcset=\"https:\/\/i0.wp.com\/yumka.gob.mx\/wp-content\/uploads\/2017\/03\/Rinoceronte-3.jpg?w=1228 1228w, https:\/\/i0.wp.com\/yumka.gob.mx\/wp-content\/uploads\/2017\/03\/Rinoceronte-3.jpg?resize=368%2C245 368w, https:\/\/i0.wp.com\/yumka.gob.mx\/wp-content\/uploads\/2017\/03\/Rinoceronte-3.jpg?resize=300%2C199 300w, https:\/\/i0.wp.com\/yumka.gob.mx\/wp-content\/uploads\/2017\/03\/Rinoceronte-3.jpg?resize=768%2C510 768w, https:\/\/i0.wp.com\/yumka.gob.mx\/wp-content\/uploads\/2017\/03\/Rinoceronte-3.jpg?resize=1024%2C680 1024w, https:\/\/i0.wp.com\/yumka.gob.mx\/wp-content\/uploads\/2017\/03\/Rinoceronte-3.jpg?resize=200%2C133 200w, https:\/\/i0.wp.com\/yumka.gob.mx\/wp-content\/uploads\/2017\/03\/Rinoceronte-3.jpg?resize=220%2C146 220w\" sizes=\"(max-width: 960px) 100vw, 960px\" data-attachment-id=\"1419\" data-permalink=\"\" data-orig-file=\"https:\/\/i0.wp.com\/yumka.gob.mx\/wp-content\/uploads\/2017\/03\/Rinoceronte-3.jpg?fit=1228%2C816\" data-orig-size=\"1228,816\" data-comments-opened=\"1\" data-image-meta=\"{&quot;aperture&quot;:&quot;0&quot;,&quot;credit&quot;:&quot;&quot;,&quot;camera&quot;:&quot;&quot;,&quot;caption&quot;:&quot;&quot;,&quot;created_timestamp&quot;:&quot;0&quot;,&quot;copyright&quot;:&quot;&quot;,&quot;focal_length&quot;:&quot;0&quot;,&quot;iso&quot;:&quot;0&quot;,&quot;shutter_speed&quot;:&quot;0&quot;,&quot;title&quot;:&quot;&quot;,&quot;orientation&quot;:&quot;0&quot;}\" data-image-title=\"Rinoceronte (3)\" data-image-description=\"\" data-image-caption=\"\" data-large-file=\"https:\/\/i0.wp.com\/yumka.gob.mx\/wp-content\/uploads\/2017\/03\/Rinoceronte-3.jpg?fit=960%2C638\" \/><div class=\"pf-button-container\"><div class=\"pf-button\"><div class=\"pf-button-icon  \"><a class=\"fancybox\" href=\"http:\/\/yumka.gob.mx\/wp-content\/uploads\/2017\/03\/Rinoceronte-3.jpg\" data-fancybox-group=\"gallery\" title=\"Rinoceronte Blanco\"><i class=\"fa-search\"><\/i><\/a><\/div><\/div><\/div><\/figure><\/div><div class=\"col-xs-6 col-sm-4 element sabana-africana \"><figure><img decoding=\"async\" src=\"https:\/\/i0.wp.com\/yumka.gob.mx\/wp-content\/uploads\/2017\/03\/Jirafa-12.jpg?fit=960%2C638\" class=\" wp-post-image\" alt=\"\" srcset=\"https:\/\/i0.wp.com\/yumka.gob.mx\/wp-content\/uploads\/2017\/03\/Jirafa-12.jpg?w=1228 1228w, https:\/\/i0.wp.com\/yumka.gob.mx\/wp-content\/uploads\/2017\/03\/Jirafa-12.jpg?resize=368%2C245 368w, https:\/\/i0.wp.com\/yumka.gob.mx\/wp-content\/uploads\/2017\/03\/Jirafa-12.jpg?resize=300%2C199 300w, https:\/\/i0.wp.com\/yumka.gob.mx\/wp-content\/uploads\/2017\/03\/Jirafa-12.jpg?resize=768%2C510 768w, https:\/\/i0.wp.com\/yumka.gob.mx\/wp-content\/uploads\/2017\/03\/Jirafa-12.jpg?resize=1024%2C680 1024w, https:\/\/i0.wp.com\/yumka.gob.mx\/wp-content\/uploads\/2017\/03\/Jirafa-12.jpg?resize=200%2C133 200w, https:\/\/i0.wp.com\/yumka.gob.mx\/wp-content\/uploads\/2017\/03\/Jirafa-12.jpg?resize=220%2C146 220w\" sizes=\"(max-width: 960px) 100vw, 960px\" data-attachment-id=\"1405\" data-permalink=\"\" data-orig-file=\"https:\/\/i0.wp.com\/yumka.gob.mx\/wp-content\/uploads\/2017\/03\/Jirafa-12.jpg?fit=1228%2C816\" data-orig-size=\"1228,816\" data-comments-opened=\"1\" data-image-meta=\"{&quot;aperture&quot;:&quot;0&quot;,&quot;credit&quot;:&quot;&quot;,&quot;camera&quot;:&quot;&quot;,&quot;caption&quot;:&quot;&quot;,&quot;created_timestamp&quot;:&quot;0&quot;,&quot;copyright&quot;:&quot;&quot;,&quot;focal_length&quot;:&quot;0&quot;,&quot;iso&quot;:&quot;0&quot;,&quot;shutter_speed&quot;:&quot;0&quot;,&quot;title&quot;:&quot;&quot;,&quot;orientation&quot;:&quot;0&quot;}\" data-image-title=\"Jirafa (12)\" data-image-description=\"\" data-image-caption=\"\" data-large-file=\"https:\/\/i0.wp.com\/yumka.gob.mx\/wp-content\/uploads\/2017\/03\/Jirafa-12.jpg?fit=960%2C638\" \/><div class=\"pf-button-container\"><div class=\"pf-button\"><div class=\"pf-button-icon  \"><a class=\"fancybox\" href=\"http:\/\/yumka.gob.mx\/wp-content\/uploads\/2017\/03\/Jirafa-12.jpg\" data-fancybox-group=\"gallery\" title=\"Jirafa\"><i class=\"fa-search\"><\/i><\/a><\/div><\/div><\/div><\/figure><\/div><div class=\"col-xs-6 col-sm-4 element sabana-africana \"><figure><img decoding=\"async\" src=\"https:\/\/i0.wp.com\/yumka.gob.mx\/wp-content\/uploads\/2017\/03\/Cebra-8.jpg?fit=960%2C720\" class=\" wp-post-image\" alt=\"\" srcset=\"https:\/\/i0.wp.com\/yumka.gob.mx\/wp-content\/uploads\/2017\/03\/Cebra-8.jpg?w=2272 2272w, https:\/\/i0.wp.com\/yumka.gob.mx\/wp-content\/uploads\/2017\/03\/Cebra-8.jpg?resize=368%2C276 368w, https:\/\/i0.wp.com\/yumka.gob.mx\/wp-content\/uploads\/2017\/03\/Cebra-8.jpg?resize=300%2C225 300w, https:\/\/i0.wp.com\/yumka.gob.mx\/wp-content\/uploads\/2017\/03\/Cebra-8.jpg?resize=768%2C576 768w, https:\/\/i0.wp.com\/yumka.gob.mx\/wp-content\/uploads\/2017\/03\/Cebra-8.jpg?resize=1024%2C768 1024w, https:\/\/i0.wp.com\/yumka.gob.mx\/wp-content\/uploads\/2017\/03\/Cebra-8.jpg?resize=200%2C150 200w, https:\/\/i0.wp.com\/yumka.gob.mx\/wp-content\/uploads\/2017\/03\/Cebra-8.jpg?resize=220%2C165 220w, https:\/\/i0.wp.com\/yumka.gob.mx\/wp-content\/uploads\/2017\/03\/Cebra-8.jpg?w=1920 1920w\" sizes=\"(max-width: 960px) 100vw, 960px\" data-attachment-id=\"1369\" data-permalink=\"\" data-orig-file=\"https:\/\/i0.wp.com\/yumka.gob.mx\/wp-content\/uploads\/2017\/03\/Cebra-8.jpg?fit=2272%2C1704\" data-orig-size=\"2272,1704\" data-comments-opened=\"1\" data-image-meta=\"{&quot;aperture&quot;:&quot;0&quot;,&quot;credit&quot;:&quot;&quot;,&quot;camera&quot;:&quot;&quot;,&quot;caption&quot;:&quot;&quot;,&quot;created_timestamp&quot;:&quot;0&quot;,&quot;copyright&quot;:&quot;&quot;,&quot;focal_length&quot;:&quot;0&quot;,&quot;iso&quot;:&quot;0&quot;,&quot;shutter_speed&quot;:&quot;0&quot;,&quot;title&quot;:&quot;&quot;,&quot;orientation&quot;:&quot;0&quot;}\" data-image-title=\"Cebra (8)\" data-image-description=\"\" data-image-caption=\"\" data-large-file=\"https:\/\/i0.wp.com\/yumka.gob.mx\/wp-content\/uploads\/2017\/03\/Cebra-8.jpg?fit=960%2C720\" \/><div class=\"pf-button-container\"><div class=\"pf-button\"><div class=\"pf-button-icon  \"><a class=\"fancybox\" href=\"http:\/\/yumka.gob.mx\/wp-content\/uploads\/2017\/03\/Cebra-8.jpg\" data-fancybox-group=\"gallery\" title=\"Cebra\"><i class=\"fa-search\"><\/i><\/a><\/div><\/div><\/div><\/figure><\/div><div class=\"col-xs-6 col-sm-4 element entrada \"><figure><img decoding=\"async\" src=\"https:\/\/i0.wp.com\/yumka.gob.mx\/wp-content\/uploads\/2017\/03\/Entrada-29.jpg?fit=960%2C720\" class=\" wp-post-image\" alt=\"\" srcset=\"https:\/\/i0.wp.com\/yumka.gob.mx\/wp-content\/uploads\/2017\/03\/Entrada-29.jpg?w=1136 1136w, https:\/\/i0.wp.com\/yumka.gob.mx\/wp-content\/uploads\/2017\/03\/Entrada-29.jpg?resize=368%2C276 368w, https:\/\/i0.wp.com\/yumka.gob.mx\/wp-content\/uploads\/2017\/03\/Entrada-29.jpg?resize=300%2C225 300w, https:\/\/i0.wp.com\/yumka.gob.mx\/wp-content\/uploads\/2017\/03\/Entrada-29.jpg?resize=768%2C576 768w, https:\/\/i0.wp.com\/yumka.gob.mx\/wp-content\/uploads\/2017\/03\/Entrada-29.jpg?resize=1024%2C768 1024w, https:\/\/i0.wp.com\/yumka.gob.mx\/wp-content\/uploads\/2017\/03\/Entrada-29.jpg?resize=200%2C150 200w, https:\/\/i0.wp.com\/yumka.gob.mx\/wp-content\/uploads\/2017\/03\/Entrada-29.jpg?resize=220%2C165 220w\" sizes=\"(max-width: 960px) 100vw, 960px\" data-attachment-id=\"1517\" data-permalink=\"\" data-orig-file=\"https:\/\/i0.wp.com\/yumka.gob.mx\/wp-content\/uploads\/2017\/03\/Entrada-29.jpg?fit=1136%2C852\" data-orig-size=\"1136,852\" data-comments-opened=\"1\" data-image-meta=\"{&quot;aperture&quot;:&quot;0&quot;,&quot;credit&quot;:&quot;&quot;,&quot;camera&quot;:&quot;&quot;,&quot;caption&quot;:&quot;&quot;,&quot;created_timestamp&quot;:&quot;0&quot;,&quot;copyright&quot;:&quot;&quot;,&quot;focal_length&quot;:&quot;0&quot;,&quot;iso&quot;:&quot;0&quot;,&quot;shutter_speed&quot;:&quot;0&quot;,&quot;title&quot;:&quot;&quot;,&quot;orientation&quot;:&quot;0&quot;}\" data-image-title=\"Cacat\u00faa\" data-image-description=\"\" data-image-caption=\"&lt;p&gt;Es un g\u00e9nero de aves psitaciformes de la familia Cacatuidae. Es un ave trepadora que se encuentra desde las islas Filipinas y el este de Wallacea hasta las islas Salom\u00f3n y el sur de Australia. &lt;\/p&gt;\n\" data-large-file=\"https:\/\/i0.wp.com\/yumka.gob.mx\/wp-content\/uploads\/2017\/03\/Entrada-29.jpg?fit=960%2C720\" \/><div class=\"pf-button-container\"><div class=\"pf-button\"><div class=\"pf-button-icon  \"><a class=\"fancybox\" href=\"http:\/\/yumka.gob.mx\/wp-content\/uploads\/2017\/03\/Entrada-29.jpg\" data-fancybox-group=\"gallery\" title=\"Cacatua\"><i class=\"fa-search\"><\/i><\/a><\/div><\/div><\/div><\/figure><\/div><div class=\"col-xs-6 col-sm-4 element entrada \"><figure><img decoding=\"async\" src=\"https:\/\/i0.wp.com\/yumka.gob.mx\/wp-content\/uploads\/2017\/03\/Entrada-7.jpg?fit=576%2C1024\" class=\" wp-post-image\" alt=\"\" srcset=\"https:\/\/i0.wp.com\/yumka.gob.mx\/wp-content\/uploads\/2017\/03\/Entrada-7.jpg?w=592 592w, https:\/\/i0.wp.com\/yumka.gob.mx\/wp-content\/uploads\/2017\/03\/Entrada-7.jpg?resize=368%2C654 368w, https:\/\/i0.wp.com\/yumka.gob.mx\/wp-content\/uploads\/2017\/03\/Entrada-7.jpg?resize=169%2C300 169w, https:\/\/i0.wp.com\/yumka.gob.mx\/wp-content\/uploads\/2017\/03\/Entrada-7.jpg?resize=576%2C1024 576w, https:\/\/i0.wp.com\/yumka.gob.mx\/wp-content\/uploads\/2017\/03\/Entrada-7.jpg?resize=113%2C200 113w, https:\/\/i0.wp.com\/yumka.gob.mx\/wp-content\/uploads\/2017\/03\/Entrada-7.jpg?resize=124%2C220 124w\" sizes=\"(max-width: 576px) 100vw, 576px\" data-attachment-id=\"1515\" data-permalink=\"\" data-orig-file=\"https:\/\/i0.wp.com\/yumka.gob.mx\/wp-content\/uploads\/2017\/03\/Entrada-7.jpg?fit=592%2C1052\" data-orig-size=\"592,1052\" data-comments-opened=\"1\" data-image-meta=\"{&quot;aperture&quot;:&quot;0&quot;,&quot;credit&quot;:&quot;&quot;,&quot;camera&quot;:&quot;&quot;,&quot;caption&quot;:&quot;&quot;,&quot;created_timestamp&quot;:&quot;0&quot;,&quot;copyright&quot;:&quot;&quot;,&quot;focal_length&quot;:&quot;0&quot;,&quot;iso&quot;:&quot;0&quot;,&quot;shutter_speed&quot;:&quot;0&quot;,&quot;title&quot;:&quot;&quot;,&quot;orientation&quot;:&quot;0&quot;}\" data-image-title=\"Entrada-(7)\" data-image-description=\"\" data-image-caption=\"\" data-large-file=\"https:\/\/i0.wp.com\/yumka.gob.mx\/wp-content\/uploads\/2017\/03\/Entrada-7.jpg?fit=576%2C1024\" \/><div class=\"pf-button-container\"><div class=\"pf-button\"><div class=\"pf-button-icon  \"><a class=\"fancybox\" href=\"http:\/\/yumka.gob.mx\/wp-content\/uploads\/2017\/03\/Entrada-7.jpg\" data-fancybox-group=\"gallery\" title=\"Manat\u00ed\"><i class=\"fa-search\"><\/i><\/a><\/div><\/div><\/div><\/figure><\/div><div class=\"col-xs-6 col-sm-4 element zona-recreativa \"><figure><img decoding=\"async\" src=\"https:\/\/i0.wp.com\/yumka.gob.mx\/wp-content\/uploads\/2017\/03\/Palapa-Magos-17.jpg?fit=960%2C720\" class=\" wp-post-image\" alt=\"\" srcset=\"https:\/\/i0.wp.com\/yumka.gob.mx\/wp-content\/uploads\/2017\/03\/Palapa-Magos-17.jpg?w=1136 1136w, https:\/\/i0.wp.com\/yumka.gob.mx\/wp-content\/uploads\/2017\/03\/Palapa-Magos-17.jpg?resize=368%2C276 368w, https:\/\/i0.wp.com\/yumka.gob.mx\/wp-content\/uploads\/2017\/03\/Palapa-Magos-17.jpg?resize=300%2C225 300w, https:\/\/i0.wp.com\/yumka.gob.mx\/wp-content\/uploads\/2017\/03\/Palapa-Magos-17.jpg?resize=768%2C576 768w, https:\/\/i0.wp.com\/yumka.gob.mx\/wp-content\/uploads\/2017\/03\/Palapa-Magos-17.jpg?resize=1024%2C768 1024w, https:\/\/i0.wp.com\/yumka.gob.mx\/wp-content\/uploads\/2017\/03\/Palapa-Magos-17.jpg?resize=200%2C150 200w, https:\/\/i0.wp.com\/yumka.gob.mx\/wp-content\/uploads\/2017\/03\/Palapa-Magos-17.jpg?resize=220%2C165 220w\" sizes=\"(max-width: 960px) 100vw, 960px\" data-attachment-id=\"1641\" data-permalink=\"\" data-orig-file=\"https:\/\/i0.wp.com\/yumka.gob.mx\/wp-content\/uploads\/2017\/03\/Palapa-Magos-17.jpg?fit=1136%2C852\" data-orig-size=\"1136,852\" data-comments-opened=\"1\" data-image-meta=\"{&quot;aperture&quot;:&quot;0&quot;,&quot;credit&quot;:&quot;&quot;,&quot;camera&quot;:&quot;&quot;,&quot;caption&quot;:&quot;&quot;,&quot;created_timestamp&quot;:&quot;0&quot;,&quot;copyright&quot;:&quot;&quot;,&quot;focal_length&quot;:&quot;0&quot;,&quot;iso&quot;:&quot;0&quot;,&quot;shutter_speed&quot;:&quot;0&quot;,&quot;title&quot;:&quot;&quot;,&quot;orientation&quot;:&quot;0&quot;}\" data-image-title=\"Palapa-Magos-(17)\" data-image-description=\"\" data-image-caption=\"\" data-large-file=\"https:\/\/i0.wp.com\/yumka.gob.mx\/wp-content\/uploads\/2017\/03\/Palapa-Magos-17.jpg?fit=960%2C720\" \/><div class=\"pf-button-container\"><div class=\"pf-button\"><div class=\"pf-button-icon  \"><a class=\"fancybox\" href=\"http:\/\/yumka.gob.mx\/wp-content\/uploads\/2017\/03\/Palapa-Magos-17.jpg\" data-fancybox-group=\"gallery\" title=\"Pavo real\"><i class=\"fa-search\"><\/i><\/a><\/div><\/div><\/div><\/figure><\/div><div class=\"col-xs-6 col-sm-4 element isla-de-monos \"><figure><img decoding=\"async\" src=\"https:\/\/i0.wp.com\/yumka.gob.mx\/wp-content\/uploads\/2016\/11\/Mono-arana.jpg?fit=720%2C476\" class=\" wp-post-image\" alt=\"\" srcset=\"https:\/\/i0.wp.com\/yumka.gob.mx\/wp-content\/uploads\/2016\/11\/Mono-arana.jpg?w=720 720w, https:\/\/i0.wp.com\/yumka.gob.mx\/wp-content\/uploads\/2016\/11\/Mono-arana.jpg?resize=368%2C243 368w, https:\/\/i0.wp.com\/yumka.gob.mx\/wp-content\/uploads\/2016\/11\/Mono-arana.jpg?resize=300%2C198 300w, https:\/\/i0.wp.com\/yumka.gob.mx\/wp-content\/uploads\/2016\/11\/Mono-arana.jpg?resize=200%2C132 200w, https:\/\/i0.wp.com\/yumka.gob.mx\/wp-content\/uploads\/2016\/11\/Mono-arana.jpg?resize=220%2C145 220w\" sizes=\"(max-width: 720px) 100vw, 720px\" data-attachment-id=\"1619\" data-permalink=\"http:\/\/yumka.gob.mx\/?attachment_id=1619\" data-orig-file=\"https:\/\/i0.wp.com\/yumka.gob.mx\/wp-content\/uploads\/2016\/11\/Mono-arana.jpg?fit=720%2C476\" data-orig-size=\"720,476\" data-comments-opened=\"1\" data-image-meta=\"{&quot;aperture&quot;:&quot;0&quot;,&quot;credit&quot;:&quot;&quot;,&quot;camera&quot;:&quot;&quot;,&quot;caption&quot;:&quot;&quot;,&quot;created_timestamp&quot;:&quot;0&quot;,&quot;copyright&quot;:&quot;&quot;,&quot;focal_length&quot;:&quot;0&quot;,&quot;iso&quot;:&quot;0&quot;,&quot;shutter_speed&quot;:&quot;0&quot;,&quot;title&quot;:&quot;&quot;,&quot;orientation&quot;:&quot;0&quot;}\" data-image-title=\"Mono-arana\" data-image-description=\"\" data-image-caption=\"\" data-large-file=\"https:\/\/i0.wp.com\/yumka.gob.mx\/wp-content\/uploads\/2016\/11\/Mono-arana.jpg?fit=720%2C476\" \/><div class=\"pf-button-container\"><div class=\"pf-button\"><div class=\"pf-button-icon  \"><a class=\"fancybox\" href=\"http:\/\/yumka.gob.mx\/wp-content\/uploads\/2016\/11\/Mono-arana.jpg\" data-fancybox-group=\"gallery\" title=\"Mono ara\u00f1a\"><i class=\"fa-search\"><\/i><\/a><\/div><\/div><\/div><\/figure><\/div><div class=\"col-xs-6 col-sm-4 element selva \"><figure><img decoding=\"async\" src=\"https:\/\/i0.wp.com\/yumka.gob.mx\/wp-content\/uploads\/2017\/03\/Selva-1.jpg?fit=925%2C740\" class=\" wp-post-image\" alt=\"\" srcset=\"https:\/\/i0.wp.com\/yumka.gob.mx\/wp-content\/uploads\/2017\/03\/Selva-1.jpg?w=925 925w, https:\/\/i0.wp.com\/yumka.gob.mx\/wp-content\/uploads\/2017\/03\/Selva-1.jpg?resize=368%2C294 368w, https:\/\/i0.wp.com\/yumka.gob.mx\/wp-content\/uploads\/2017\/03\/Selva-1.jpg?resize=300%2C240 300w, https:\/\/i0.wp.com\/yumka.gob.mx\/wp-content\/uploads\/2017\/03\/Selva-1.jpg?resize=768%2C614 768w, https:\/\/i0.wp.com\/yumka.gob.mx\/wp-content\/uploads\/2017\/03\/Selva-1.jpg?resize=200%2C160 200w, https:\/\/i0.wp.com\/yumka.gob.mx\/wp-content\/uploads\/2017\/03\/Selva-1.jpg?resize=220%2C176 220w\" sizes=\"(max-width: 925px) 100vw, 925px\" data-attachment-id=\"1532\" data-permalink=\"\" data-orig-file=\"https:\/\/i0.wp.com\/yumka.gob.mx\/wp-content\/uploads\/2017\/03\/Selva-1.jpg?fit=925%2C740\" data-orig-size=\"925,740\" data-comments-opened=\"1\" data-image-meta=\"{&quot;aperture&quot;:&quot;0&quot;,&quot;credit&quot;:&quot;&quot;,&quot;camera&quot;:&quot;&quot;,&quot;caption&quot;:&quot;&quot;,&quot;created_timestamp&quot;:&quot;0&quot;,&quot;copyright&quot;:&quot;&quot;,&quot;focal_length&quot;:&quot;0&quot;,&quot;iso&quot;:&quot;0&quot;,&quot;shutter_speed&quot;:&quot;0&quot;,&quot;title&quot;:&quot;&quot;,&quot;orientation&quot;:&quot;0&quot;}\" data-image-title=\"Mono aullador\" data-image-description=\"\" data-image-caption=\"&lt;p&gt;El mono aullador negro (Alouatta palliata) es una especie de primate platirrino no amenazado que se encuentra extendido en Am\u00e9rica Central y del Sur desde el sur de M\u00e9xico hasta el extremo norte de Per\u00fa.&lt;\/p&gt;\n\" data-large-file=\"https:\/\/i0.wp.com\/yumka.gob.mx\/wp-content\/uploads\/2017\/03\/Selva-1.jpg?fit=925%2C740\" \/><div class=\"pf-button-container\"><div class=\"pf-button\"><div class=\"pf-button-icon  \"><a class=\"fancybox\" href=\"http:\/\/yumka.gob.mx\/wp-content\/uploads\/2017\/03\/Selva-1.jpg\" data-fancybox-group=\"gallery\" title=\"Mono aullador o saraguato\"><i class=\"fa-search\"><\/i><\/a><\/div><\/div><\/div><\/figure><\/div><div class=\"col-xs-6 col-sm-4 element selva \"><figure><img decoding=\"async\" src=\"https:\/\/i0.wp.com\/yumka.gob.mx\/wp-content\/uploads\/2017\/03\/Selva-9.jpg?fit=960%2C720\" class=\" wp-post-image\" alt=\"\" srcset=\"https:\/\/i0.wp.com\/yumka.gob.mx\/wp-content\/uploads\/2017\/03\/Selva-9.jpg?w=1152 1152w, https:\/\/i0.wp.com\/yumka.gob.mx\/wp-content\/uploads\/2017\/03\/Selva-9.jpg?resize=368%2C276 368w, https:\/\/i0.wp.com\/yumka.gob.mx\/wp-content\/uploads\/2017\/03\/Selva-9.jpg?resize=300%2C225 300w, https:\/\/i0.wp.com\/yumka.gob.mx\/wp-content\/uploads\/2017\/03\/Selva-9.jpg?resize=768%2C576 768w, https:\/\/i0.wp.com\/yumka.gob.mx\/wp-content\/uploads\/2017\/03\/Selva-9.jpg?resize=1024%2C768 1024w, https:\/\/i0.wp.com\/yumka.gob.mx\/wp-content\/uploads\/2017\/03\/Selva-9.jpg?resize=200%2C150 200w, https:\/\/i0.wp.com\/yumka.gob.mx\/wp-content\/uploads\/2017\/03\/Selva-9.jpg?resize=220%2C165 220w\" sizes=\"(max-width: 960px) 100vw, 960px\" data-attachment-id=\"1540\" data-permalink=\"\" data-orig-file=\"https:\/\/i0.wp.com\/yumka.gob.mx\/wp-content\/uploads\/2017\/03\/Selva-9.jpg?fit=1152%2C864\" data-orig-size=\"1152,864\" data-comments-opened=\"1\" data-image-meta=\"{&quot;aperture&quot;:&quot;0&quot;,&quot;credit&quot;:&quot;&quot;,&quot;camera&quot;:&quot;&quot;,&quot;caption&quot;:&quot;&quot;,&quot;created_timestamp&quot;:&quot;0&quot;,&quot;copyright&quot;:&quot;&quot;,&quot;focal_length&quot;:&quot;0&quot;,&quot;iso&quot;:&quot;0&quot;,&quot;shutter_speed&quot;:&quot;0&quot;,&quot;title&quot;:&quot;&quot;,&quot;orientation&quot;:&quot;0&quot;}\" data-image-title=\"Selva-(9)\" data-image-description=\"\" data-image-caption=\"\" data-large-file=\"https:\/\/i0.wp.com\/yumka.gob.mx\/wp-content\/uploads\/2017\/03\/Selva-9.jpg?fit=960%2C720\" \/><div class=\"pf-button-container\"><div class=\"pf-button\"><div class=\"pf-button-icon  \"><a class=\"fancybox\" href=\"http:\/\/yumka.gob.mx\/wp-content\/uploads\/2017\/03\/Selva-9.jpg\" data-fancybox-group=\"gallery\" title=\"Jaguar\"><i class=\"fa-search\"><\/i><\/a><\/div><\/div><\/div><\/figure><\/div><div class=\"col-xs-6 col-sm-4 element selva \"><figure><img decoding=\"async\" src=\"https:\/\/i0.wp.com\/yumka.gob.mx\/wp-content\/uploads\/2017\/03\/Selva-15.jpg?fit=768%2C1024\" class=\" wp-post-image\" alt=\"\" srcset=\"https:\/\/i0.wp.com\/yumka.gob.mx\/wp-content\/uploads\/2017\/03\/Selva-15.jpg?w=864 864w, https:\/\/i0.wp.com\/yumka.gob.mx\/wp-content\/uploads\/2017\/03\/Selva-15.jpg?resize=368%2C491 368w, https:\/\/i0.wp.com\/yumka.gob.mx\/wp-content\/uploads\/2017\/03\/Selva-15.jpg?resize=225%2C300 225w, https:\/\/i0.wp.com\/yumka.gob.mx\/wp-content\/uploads\/2017\/03\/Selva-15.jpg?resize=768%2C1024 768w, https:\/\/i0.wp.com\/yumka.gob.mx\/wp-content\/uploads\/2017\/03\/Selva-15.jpg?resize=150%2C200 150w, https:\/\/i0.wp.com\/yumka.gob.mx\/wp-content\/uploads\/2017\/03\/Selva-15.jpg?resize=165%2C220 165w\" sizes=\"(max-width: 768px) 100vw, 768px\" data-attachment-id=\"1546\" data-permalink=\"\" data-orig-file=\"https:\/\/i0.wp.com\/yumka.gob.mx\/wp-content\/uploads\/2017\/03\/Selva-15.jpg?fit=864%2C1152\" data-orig-size=\"864,1152\" data-comments-opened=\"1\" data-image-meta=\"{&quot;aperture&quot;:&quot;0&quot;,&quot;credit&quot;:&quot;&quot;,&quot;camera&quot;:&quot;&quot;,&quot;caption&quot;:&quot;&quot;,&quot;created_timestamp&quot;:&quot;0&quot;,&quot;copyright&quot;:&quot;&quot;,&quot;focal_length&quot;:&quot;0&quot;,&quot;iso&quot;:&quot;0&quot;,&quot;shutter_speed&quot;:&quot;0&quot;,&quot;title&quot;:&quot;&quot;,&quot;orientation&quot;:&quot;0&quot;}\" data-image-title=\"Selva-(15)\" data-image-description=\"\" data-image-caption=\"\" data-large-file=\"https:\/\/i0.wp.com\/yumka.gob.mx\/wp-content\/uploads\/2017\/03\/Selva-15.jpg?fit=768%2C1024\" \/><div class=\"pf-button-container\"><div class=\"pf-button\"><div class=\"pf-button-icon  \"><a class=\"fancybox\" href=\"http:\/\/yumka.gob.mx\/wp-content\/uploads\/2017\/03\/Selva-15.jpg\" data-fancybox-group=\"gallery\" title=\"Puma\"><i class=\"fa-search\"><\/i><\/a><\/div><\/div><\/div><\/figure><\/div><\/div>\t\t\t\t<\/div>\n\t\t\t\t<\/div>\n\t\t\t\t\t<\/div>\n\t\t<\/div>\n\t\t\t\t\t<\/div>\n\t\t<\/section>\n\t\t\t\t<\/div>\n\t\t","protected":false},"excerpt":{"rendered":"","protected":false},"author":2,"featured_media":0,"parent":0,"menu_order":0,"comment_status":"closed","ping_status":"closed","template":"","meta":{"jetpack_post_was_ever_published":false,"footnotes":""},"class_list":["post-36","page","type-page","status-publish","hentry"],"jetpack_sharing_enabled":true,"jetpack_shortlink":"https:\/\/wp.me\/PciRc3-A","jetpack-related-posts":[],"_links":{"self":[{"href":"http:\/\/yumka.gob.mx\/index.php?rest_route=\/wp\/v2\/pages\/36","targetHints":{"allow":["GET"]}}],"collection":[{"href":"http:\/\/yumka.gob.mx\/index.php?rest_route=\/wp\/v2\/pages"}],"about":[{"href":"http:\/\/yumka.gob.mx\/index.php?rest_route=\/wp\/v2\/types\/page"}],"author":[{"embeddable":true,"href":"http:\/\/yumka.gob.mx\/index.php?rest_route=\/wp\/v2\/users\/2"}],"replies":[{"embeddable":true,"href":"http:\/\/yumka.gob.mx\/index.php?rest_route=%2Fwp%2Fv2%2Fcomments&post=36"}],"version-history":[{"count":9,"href":"http:\/\/yumka.gob.mx\/index.php?rest_route=\/wp\/v2\/pages\/36\/revisions"}],"predecessor-version":[{"id":1674,"href":"http:\/\/yumka.gob.mx\/index.php?rest_route=\/wp\/v2\/pages\/36\/revisions\/1674"}],"wp:attachment":[{"href":"http:\/\/yumka.gob.mx\/index.php?rest_route=%2Fwp%2Fv2%2Fmedia&parent=36"}],"curies":[{"name":"wp","href":"https:\/\/api.w.org\/{rel}","templated":true}]}}