{"id":985,"date":"2016-11-24T00:12:12","date_gmt":"2016-11-24T06:12:12","guid":{"rendered":"http:\/\/demowp.codeopus.net\/safaria\/?page_id=985"},"modified":"2025-02-04T14:03:04","modified_gmt":"2025-02-04T20:03:04","slug":"homepage","status":"publish","type":"page","link":"http:\/\/yumka.gob.mx\/","title":{"rendered":"Yumka&#8217;"},"content":{"rendered":"<h1>Vive la experiencia Yumka&#8217;<\/h1>\n<h3>Ll\u00e1manos para mas informaci\u00f3n al 01 (993) 980 41 44<\/h3>\n<p><img data-recalc-dims=\"1\" loading=\"lazy\" decoding=\"async\" width=\"150\" height=\"150\" src=\"https:\/\/i0.wp.com\/yumka.gob.mx\/wp-content\/uploads\/2025\/01\/Logotipo-YUMKA-2024-2.png?resize=150%2C150\" alt=\"\" loading=\"lazy\"><\/p>\n<h3>Yumka&#8217; es un Centro de Interpretaci\u00f3n y Convivencia con la Naturaleza que lleva 30 a\u00f1os al servicio del p\u00fablico. Uno de sus objetivos es promover actividades de educaci\u00f3n ambiental no formal, es decir trasmitir conocimiento, aptitudes y valores ambientales fuera del sistema educativo institucional, que conlleve la adopci\u00f3n de actitudes positivas hacia el medio natural y social.<\/h3>\n<h3>Donativos<\/h3>\n<div class=\"bow-featured-wrap  \">\n<div class=\"title-section-container\"><\/div>\n<div class=\"product-grid\">\n<div class=\"cdo-product-slider-content\">\n<div class=\"cdo-product-slider-slick\">\n<div>\n<div class=\"box-ex-promo box-purple\">\n<div class=\"top-section\">\n<div class=\"ex-one\" style=\"background:url(https:\/\/i0.wp.com\/yumka.gob.mx\/wp-content\/uploads\/2016\/11\/elephant.png?resize=156%2C203) no-repeat right top\">\n<div class=\"left-ex\">\n<h4><span class=\"woocommerce-Price-amount amount\"><bdi><span class=\"woocommerce-Price-currencySymbol\">&#36;<\/span>167.00<\/bdi><\/span><\/h4>\n<p class=\"text-left\">\n\t\t\t\t\t\t\t\t\tBoleto Adulto General\n\t\t\t\t\t\t\t\t  <\/p>\n<\/p><\/div>\n<\/p><\/div>\n<div class=\"bottom-section\">\n<div class=\"bottom-wrap\">\n<div class=\"bottom-table\">\n<div class=\"bottom-cell\">\n\t\t\t\t\t\t\t\t\t  <a class=\"btn button-default btn-purple\" href=\"\">Boleto Adulto General<\/a>\n\t\t\t\t\t\t\t\t\t<\/div>\n<\/p><\/div>\n<\/p><\/div>\n<p><span>Visitantes mayores de 11 a\u00f1os.<\/span><\/p>\n<div class=\"bar-section\">\n\t\t\t\t\t\t\t\t  &nbsp;\n\t\t\t\t\t\t\t\t<\/div>\n<\/div><\/div>\n<\/p><\/div>\n<\/p><\/div>\n<div>\n<div class=\"box-ex-promo box-pink\">\n<div class=\"top-section\">\n<div class=\"ex-one\" style=\"background:url(https:\/\/i0.wp.com\/yumka.gob.mx\/wp-content\/uploads\/2016\/11\/giraffe.png?resize=156%2C203) no-repeat right top\">\n<div class=\"left-ex\">\n<h4><span class=\"woocommerce-Price-amount amount\"><bdi><span class=\"woocommerce-Price-currencySymbol\">&#36;<\/span>84.00<\/bdi><\/span><\/h4>\n<p class=\"text-left\">\n\t\t\t\t\t\t\t\t\tBoleto Ni\u00f1o General\n\t\t\t\t\t\t\t\t  <\/p>\n<\/p><\/div>\n<\/p><\/div>\n<div class=\"bottom-section\">\n<div class=\"bottom-wrap\">\n<div class=\"bottom-table\">\n<div class=\"bottom-cell\">\n\t\t\t\t\t\t\t\t\t  <a class=\"btn button-default btn-pink\" href=\"\">Boleto Ni\u00f1o General<\/a>\n\t\t\t\t\t\t\t\t\t<\/div>\n<\/p><\/div>\n<\/p><\/div>\n<p><span>Ni\u00f1os de 3 a 11 a\u00f1os, menores de 3 a\u00f1os no pagan<\/span><\/p>\n<div class=\"bar-section\">\n\t\t\t\t\t\t\t\t  &nbsp;\n\t\t\t\t\t\t\t\t<\/div>\n<\/div><\/div>\n<\/p><\/div>\n<\/p><\/div>\n<div>\n<div class=\"box-ex-promo box-blue\">\n<div class=\"top-section\">\n<div class=\"ex-one\" style=\"background:url(https:\/\/i0.wp.com\/yumka.gob.mx\/wp-content\/uploads\/2016\/11\/elephant.png?resize=156%2C203) no-repeat right top\">\n<div class=\"left-ex\">\n<h4><span class=\"woocommerce-Price-amount amount\"><bdi><span class=\"woocommerce-Price-currencySymbol\">&#36;<\/span>46.00<\/bdi><\/span><\/h4>\n<p class=\"text-left\">\n\t\t\t\t\t\t\t\t\tBoleto INAPAM General\n\t\t\t\t\t\t\t\t  <\/p>\n<\/p><\/div>\n<\/p><\/div>\n<div class=\"bottom-section\">\n<div class=\"bottom-wrap\">\n<div class=\"bottom-table\">\n<div class=\"bottom-cell\">\n\t\t\t\t\t\t\t\t\t  <a class=\"btn button-default btn-blue\" href=\"\">Boleto INAPAM General<\/a>\n\t\t\t\t\t\t\t\t\t<\/div>\n<\/p><\/div>\n<\/p><\/div>\n<p><span>Con credencial de INAPAM<\/span><\/p>\n<div class=\"bar-section\">\n\t\t\t\t\t\t\t\t  &nbsp;\n\t\t\t\t\t\t\t\t<\/div>\n<\/div><\/div>\n<\/p><\/div>\n<\/p><\/div>\n<div>\n<div class=\"box-ex-promo box-green\">\n<div class=\"top-section\">\n<div class=\"ex-one\" style=\"background:url(https:\/\/i0.wp.com\/yumka.gob.mx\/wp-content\/uploads\/2016\/11\/zebra.png?resize=156%2C203) no-repeat right top\">\n<div class=\"left-ex\">\n<h4><span class=\"woocommerce-Price-amount amount\"><bdi><span class=\"woocommerce-Price-currencySymbol\">&#36;<\/span>91.00<\/bdi><\/span><\/h4>\n<p class=\"text-left\">\n\t\t\t\t\t\t\t\t\tBoleto Adulto Local\n\t\t\t\t\t\t\t\t  <\/p>\n<\/p><\/div>\n<\/p><\/div>\n<div class=\"bottom-section\">\n<div class=\"bottom-wrap\">\n<div class=\"bottom-table\">\n<div class=\"bottom-cell\">\n\t\t\t\t\t\t\t\t\t  <a class=\"btn button-default btn-green\" href=\"\">Boleto Adulto Local<\/a>\n\t\t\t\t\t\t\t\t\t<\/div>\n<\/p><\/div>\n<\/p><\/div>\n<p><span>Presentando identificaci\u00f3n oficial de Tabasco<\/span><\/p>\n<div class=\"bar-section\">\n\t\t\t\t\t\t\t\t  &nbsp;\n\t\t\t\t\t\t\t\t<\/div>\n<\/div><\/div>\n<\/p><\/div>\n<\/p><\/div>\n<div>\n<div class=\"box-ex-promo box-orange\">\n<div class=\"top-section\">\n<div class=\"ex-one\" style=\"background:url(https:\/\/i0.wp.com\/yumka.gob.mx\/wp-content\/uploads\/2016\/11\/deer.png?resize=156%2C203) no-repeat right top\">\n<div class=\"left-ex\">\n<h4><span class=\"woocommerce-Price-amount amount\"><bdi><span class=\"woocommerce-Price-currencySymbol\">&#36;<\/span>46.00<\/bdi><\/span><\/h4>\n<p class=\"text-left\">\n\t\t\t\t\t\t\t\t\tBoleto Ni\u00f1o Local\n\t\t\t\t\t\t\t\t  <\/p>\n<\/p><\/div>\n<\/p><\/div>\n<div class=\"bottom-section\">\n<div class=\"bottom-wrap\">\n<div class=\"bottom-table\">\n<div class=\"bottom-cell\">\n\t\t\t\t\t\t\t\t\t  <a class=\"btn button-default btn-orange\" href=\"\">Boleto Ni\u00f1o Local<\/a>\n\t\t\t\t\t\t\t\t\t<\/div>\n<\/p><\/div>\n<\/p><\/div>\n<p><span>Ni\u00f1os de 3 a 11 a\u00f1os, acompa\u00f1ado de un adulto local<\/span><\/p>\n<div class=\"bar-section\">\n\t\t\t\t\t\t\t\t  &nbsp;\n\t\t\t\t\t\t\t\t<\/div>\n<\/div><\/div>\n<\/p><\/div>\n<\/p><\/div>\n<\/div><\/div>\n<\/div>\n<p><!--.product-grid--><\/div>\n<p><!--.featured-wrap --><\/p>\n<h2>\u00a1Ya aceptamos pagos con tarjetas bancarias VISA y MasterCard!<\/h2>\n<h3>\u00c1reas y ecosistemas<\/h3>\n<h2>Como llegar al Yumka&#8217;<\/h2>\n<p><a href=\"http:\/\/yumka.gob.mx\/?page_id=1766\"><br \/>\n<\/a><\/p>\n<h3>\n\t\t\t\t\t<a href=\"http:\/\/yumka.gob.mx\/?page_id=1766\">Transporte p\u00fablico<\/a><\/h3>\n<p>Haz clic para ver como poder llegar al Yumka&#8217; por medio del transporte p\u00fablico<\/p>\n","protected":false},"excerpt":{"rendered":"<p>Vive la experiencia Yumka&#8217; Ll\u00e1manos para mas informaci\u00f3n al 01 (993) 980 41 44 Yumka&#8217; es un Centro de Interpretaci\u00f3n y Convivencia con la Naturaleza que lleva 30 a\u00f1os al servicio del p\u00fablico. Uno de sus objetivos es promover actividades de educaci\u00f3n ambiental no formal, es decir trasmitir conocimiento, aptitudes y valores ambientales fuera del [&hellip;]<\/p>\n","protected":false},"author":2,"featured_media":2580,"parent":0,"menu_order":0,"comment_status":"closed","ping_status":"closed","template":"","meta":{"jetpack_post_was_ever_published":false,"footnotes":""},"class_list":["post-985","page","type-page","status-publish","has-post-thumbnail","hentry"],"jetpack_sharing_enabled":true,"jetpack_shortlink":"https:\/\/wp.me\/PciRc3-fT","jetpack-related-posts":[{"id":1025,"url":"http:\/\/yumka.gob.mx\/?page_id=1025","url_meta":{"origin":985,"position":0},"title":"Acerca de nuestra \u00e1rea natural protegida","author":"Ram\u00f3n de Jesus Estudillo","date":"24 noviembre, 2016","format":false,"excerpt":"\u00a0 Sabes que significa la palabra Yumk\u00e1? La palabra Yumka\u00b4 significa en maya: \"Duende que cuida de la selva y los animales\". Los Chontales cre\u00edan firmemente en la existencia de un personaje que cuidaba de las plantas y los animales, al que llamaban Yumka\u00b4. Nuestra Misi\u00f3n Contribuir a la conservaci\u00f3n\u2026","rel":"","context":"Entrada similar ","block_context":{"text":"Entrada similar ","link":""},"img":{"alt_text":"","src":"https:\/\/i0.wp.com\/museopapagayo.com\/yumka\/wp-content\/uploads\/2016\/11\/Yumka_LogoHistorico-300x270.jpg?resize=350%2C200","width":350,"height":200},"classes":[]},{"id":2638,"url":"http:\/\/yumka.gob.mx\/?page_id=2638","url_meta":{"origin":985,"position":1},"title":"Programa de Restauraci\u00f3n y servicios ambientales","author":"Ram\u00f3n de Jesus Estudillo","date":"2 febrero, 2021","format":false,"excerpt":"Se contin\u00faa con el seguimiento del plan de reforestaci\u00f3n y protecci\u00f3n de m\u00e1rgenes lacustres de la Laguna del V\u00edgia. Continuar las labores de reforzamiento forestal, y protecci\u00f3n de 4.1 hect\u00e1reas que se han reforestado con el fin de proteger el ac\u00edfero local, evitando la erosi\u00f3n, captar carbono atmosf\u00e9rico y proveer\u2026","rel":"","context":"Entrada similar ","block_context":{"text":"Entrada similar ","link":""},"img":{"alt_text":"","src":"https:\/\/i0.wp.com\/yumka.gob.mx\/wp-content\/uploads\/2021\/02\/programa-reforestacion-1024x683.jpg?resize=350%2C200","width":350,"height":200,"srcset":"https:\/\/i0.wp.com\/yumka.gob.mx\/wp-content\/uploads\/2021\/02\/programa-reforestacion-1024x683.jpg?resize=350%2C200 1x, https:\/\/i0.wp.com\/yumka.gob.mx\/wp-content\/uploads\/2021\/02\/programa-reforestacion-1024x683.jpg?resize=525%2C300 1.5x, https:\/\/i0.wp.com\/yumka.gob.mx\/wp-content\/uploads\/2021\/02\/programa-reforestacion-1024x683.jpg?resize=700%2C400 2x"},"classes":[]},{"id":1974,"url":"http:\/\/yumka.gob.mx\/?page_id=1974","url_meta":{"origin":985,"position":2},"title":"Transporte Yumka&#8217;","author":"Ram\u00f3n de Jesus Estudillo","date":"17 abril, 2017","format":false,"excerpt":"Te ofrecemos el servicio de transporte yumka' Para ofrecerte una mejor experiencia Yumka', te ofrecemos la opci\u00f3n de nuestro servicio de transporte, con dos\u00a0opciones de veh\u00edculos disponibles.\u00a0 Cami\u00f3n\u00a0Yumka.-\u00a0Cuenta con clima y 29 asientos c\u00f3modos, as\u00ed como m\u00fasica para hacer tu viaje m\u00e1s placentero. Cami\u00f3n\u00a0Yumka Express.-\u00a0Cuenta con 30 asientos. El costo\u2026","rel":"","context":"Entrada similar ","block_context":{"text":"Entrada similar ","link":""},"img":{"alt_text":"","src":"https:\/\/i0.wp.com\/yumka.org.mx\/wp-content\/uploads\/2017\/04\/Camion_yumka-1024x347.jpg?resize=350%2C200","width":350,"height":200,"srcset":"https:\/\/i0.wp.com\/yumka.org.mx\/wp-content\/uploads\/2017\/04\/Camion_yumka-1024x347.jpg?resize=350%2C200 1x, https:\/\/i0.wp.com\/yumka.org.mx\/wp-content\/uploads\/2017\/04\/Camion_yumka-1024x347.jpg?resize=525%2C300 1.5x, https:\/\/i0.wp.com\/yumka.org.mx\/wp-content\/uploads\/2017\/04\/Camion_yumka-1024x347.jpg?resize=700%2C400 2x"},"classes":[]},{"id":2671,"url":"http:\/\/yumka.gob.mx\/?page_id=2671","url_meta":{"origin":985,"position":3},"title":"Bolsa de Trabajo Yumka&#8217;","author":"Ram\u00f3n de Jesus Estudillo","date":"23 febrero, 2021","format":false,"excerpt":"Concurso para ocupar cargos p\u00fablicos Por el momento y por los eventos generados por la pandemia no se est\u00e1n generando concursos para ocupar cargos p\u00fablicos dentro de esta instituci\u00f3n.","rel":"","context":"Entrada similar ","block_context":{"text":"Entrada similar ","link":""},"img":{"alt_text":"","src":"https:\/\/i0.wp.com\/yumka.gob.mx\/wp-content\/uploads\/2021\/02\/lupa.jpg?resize=350%2C200","width":350,"height":200,"srcset":"https:\/\/i0.wp.com\/yumka.gob.mx\/wp-content\/uploads\/2021\/02\/lupa.jpg?resize=350%2C200 1x, https:\/\/i0.wp.com\/yumka.gob.mx\/wp-content\/uploads\/2021\/02\/lupa.jpg?resize=525%2C300 1.5x, https:\/\/i0.wp.com\/yumka.gob.mx\/wp-content\/uploads\/2021\/02\/lupa.jpg?resize=700%2C400 2x"},"classes":[]},{"id":2357,"url":"http:\/\/yumka.gob.mx\/?page_id=2357","url_meta":{"origin":985,"position":4},"title":"Cuidando al Yumka","author":"Ram\u00f3n de Jesus Estudillo","date":"8 abril, 2020","format":false,"excerpt":"El Centro de Interpretaci\u00f3n\u00a0y Convivencia con la Naturaleza Yumka', esta temporalmente cerrado al p\u00fablico por decreto gubernamental, hasta nuevo aviso. Leer m\u00e1s.. Men\u00fa Una magn\u00edfica labor que debe reconocerse Por el\u00a0Lic. Jorge Ra\u00fal Milla -\u00a0 Director General del C.I.C.N. Yumka' Teniendo a mi cargo el Centro de Interpretaci\u00f3n y Convivencia\u2026","rel":"","context":"Entrada similar ","block_context":{"text":"Entrada similar ","link":""},"img":{"alt_text":"","src":"https:\/\/i0.wp.com\/yumka.org.mx\/wp-content\/uploads\/2017\/03\/yumka-logo.png?resize=350%2C200","width":350,"height":200},"classes":[]},{"id":1766,"url":"http:\/\/yumka.gob.mx\/?page_id=1766","url_meta":{"origin":985,"position":5},"title":"Transporte publico","author":"Ram\u00f3n de Jesus Estudillo","date":"27 marzo, 2017","format":false,"excerpt":"\u00a0 \u00bfCuales son los sitios donde puedo tomar un transporte p\u00fablico que me lleve al Yumka'? Actualmente se cuenta en Villahermosa, Tabasco, con dos medios de transporte p\u00fablico que te pueden llevar al Yumka'. Una son las llamadas combis, estas se pueden distinguir por que son de color blanco con\u2026","rel":"","context":"Entrada similar ","block_context":{"text":"Entrada similar ","link":""},"img":{"alt_text":"","src":"","width":0,"height":0},"classes":[]}],"_links":{"self":[{"href":"http:\/\/yumka.gob.mx\/index.php?rest_route=\/wp\/v2\/pages\/985","targetHints":{"allow":["GET"]}}],"collection":[{"href":"http:\/\/yumka.gob.mx\/index.php?rest_route=\/wp\/v2\/pages"}],"about":[{"href":"http:\/\/yumka.gob.mx\/index.php?rest_route=\/wp\/v2\/types\/page"}],"author":[{"embeddable":true,"href":"http:\/\/yumka.gob.mx\/index.php?rest_route=\/wp\/v2\/users\/2"}],"replies":[{"embeddable":true,"href":"http:\/\/yumka.gob.mx\/index.php?rest_route=%2Fwp%2Fv2%2Fcomments&post=985"}],"version-history":[{"count":137,"href":"http:\/\/yumka.gob.mx\/index.php?rest_route=\/wp\/v2\/pages\/985\/revisions"}],"predecessor-version":[{"id":3013,"href":"http:\/\/yumka.gob.mx\/index.php?rest_route=\/wp\/v2\/pages\/985\/revisions\/3013"}],"wp:featuredmedia":[{"embeddable":true,"href":"http:\/\/yumka.gob.mx\/index.php?rest_route=\/wp\/v2\/media\/2580"}],"wp:attachment":[{"href":"http:\/\/yumka.gob.mx\/index.php?rest_route=%2Fwp%2Fv2%2Fmedia&parent=985"}],"curies":[{"name":"wp","href":"https:\/\/api.w.org\/{rel}","templated":true}]}}