{"id":1318,"date":"2017-03-18T16:18:04","date_gmt":"2017-03-18T22:18:04","guid":{"rendered":"http:\/\/museopapagayo.com\/yumka\/producto\/boleto-adulto-general-copiar\/"},"modified":"2026-02-07T14:52:06","modified_gmt":"2026-02-07T20:52:06","slug":"boleto-adulto-general-copiar","status":"publish","type":"product","link":"http:\/\/yumka.gob.mx\/?product=boleto-adulto-general-copiar","title":{"rendered":"Boleto Adulto General"},"content":{"rendered":"<p>En la compra de este boleto, usted tiene derecho a realizar un recorrido dentro de las instalaciones del parque.<\/p>\n","protected":false},"excerpt":{"rendered":"<p>Visitantes mayores de 11 a\u00f1os.<\/p>\n","protected":false},"featured_media":1139,"comment_status":"open","ping_status":"closed","template":"","meta":{"jetpack_post_was_ever_published":false,"jetpack_publicize_message":"","jetpack_publicize_feature_enabled":true,"jetpack_social_post_already_shared":false,"jetpack_social_options":{"image_generator_settings":{"template":"highway","default_image_id":0,"font":"","enabled":false},"version":2}},"product_brand":[],"product_cat":[60],"product_tag":[28,44],"class_list":{"0":"post-1318","1":"product","2":"type-product","3":"status-publish","4":"has-post-thumbnail","6":"product_cat-boletos","7":"product_tag-elephant","8":"product_tag-riding","10":"first","11":"instock","12":"featured","13":"virtual","14":"purchasable","15":"product-type-simple"},"jetpack_publicize_connections":[],"jetpack_sharing_enabled":true,"jetpack-related-posts":[{"id":1315,"url":"http:\/\/yumka.gob.mx\/?product=boleto-inapam","url_meta":{"origin":1318,"position":0},"title":"Boleto INAPAM General","author":"Ram\u00f3n de Jesus Estudillo","date":"18 marzo, 2017","format":false,"excerpt":"Con credencial de INAPAM","rel":"","context":"Entrada similar ","block_context":{"text":"Entrada similar ","link":""},"img":{"alt_text":"","src":"","width":0,"height":0},"classes":[]},{"id":1150,"url":"http:\/\/yumka.gob.mx\/?product=boleto-adulto-local","url_meta":{"origin":1318,"position":1},"title":"Boleto Adulto Local","author":"Ram\u00f3n de Jesus Estudillo","date":"25 noviembre, 2016","format":false,"excerpt":"Presentando identificaci\u00f3n oficial","rel":"","context":"Entrada similar ","block_context":{"text":"Entrada similar ","link":""},"img":{"alt_text":"","src":"","width":0,"height":0},"classes":[]},{"id":1105,"url":"http:\/\/yumka.gob.mx\/?product=boleto-nino-local","url_meta":{"origin":1318,"position":2},"title":"Boleto Ni\u00f1o Local","author":"Ram\u00f3n de Jesus Estudillo","date":"24 noviembre, 2016","format":false,"excerpt":"Ni\u00f1os de 3\u00a0a 11 a\u00f1os","rel":"","context":"Entrada similar ","block_context":{"text":"Entrada similar ","link":""},"img":{"alt_text":"","src":"","width":0,"height":0},"classes":[]},{"id":1317,"url":"http:\/\/yumka.gob.mx\/?product=boleto-nino-general-copiar","url_meta":{"origin":1318,"position":3},"title":"Boleto Ni\u00f1o General","author":"Ram\u00f3n de Jesus Estudillo","date":"18 marzo, 2017","format":false,"excerpt":"Ni\u00f1os de\u00a03 a 11 a\u00f1os","rel":"","context":"Entrada similar ","block_context":{"text":"Entrada similar ","link":""},"img":{"alt_text":"","src":"","width":0,"height":0},"classes":[]},{"id":2967,"url":"http:\/\/yumka.gob.mx\/?product=boleto-inapam-local","url_meta":{"origin":1318,"position":4},"title":"Boleto INAPAM Local","author":"Ram\u00f3n de Jesus Estudillo","date":"27 febrero, 2024","format":false,"excerpt":"Con credencial de INAPAM y credencial INE del estado de Tabasco","rel":"","context":"Entrada similar ","block_context":{"text":"Entrada similar ","link":""},"img":{"alt_text":"Elefante 6","src":"https:\/\/i0.wp.com\/yumka.gob.mx\/wp-content\/uploads\/2017\/08\/DSCN0087-scaled.jpg?fit=1200%2C900&resize=350%2C200","width":350,"height":200,"srcset":"https:\/\/i0.wp.com\/yumka.gob.mx\/wp-content\/uploads\/2017\/08\/DSCN0087-scaled.jpg?fit=1200%2C900&resize=350%2C200 1x, https:\/\/i0.wp.com\/yumka.gob.mx\/wp-content\/uploads\/2017\/08\/DSCN0087-scaled.jpg?fit=1200%2C900&resize=525%2C300 1.5x, https:\/\/i0.wp.com\/yumka.gob.mx\/wp-content\/uploads\/2017\/08\/DSCN0087-scaled.jpg?fit=1200%2C900&resize=700%2C400 2x, https:\/\/i0.wp.com\/yumka.gob.mx\/wp-content\/uploads\/2017\/08\/DSCN0087-scaled.jpg?fit=1200%2C900&resize=1050%2C600 3x"},"classes":[]}],"_links":{"self":[{"href":"http:\/\/yumka.gob.mx\/index.php?rest_route=\/wp\/v2\/product\/1318","targetHints":{"allow":["GET"]}}],"collection":[{"href":"http:\/\/yumka.gob.mx\/index.php?rest_route=\/wp\/v2\/product"}],"about":[{"href":"http:\/\/yumka.gob.mx\/index.php?rest_route=\/wp\/v2\/types\/product"}],"replies":[{"embeddable":true,"href":"http:\/\/yumka.gob.mx\/index.php?rest_route=%2Fwp%2Fv2%2Fcomments&post=1318"}],"wp:featuredmedia":[{"embeddable":true,"href":"http:\/\/yumka.gob.mx\/index.php?rest_route=\/"}],"wp:attachment":[{"href":"http:\/\/yumka.gob.mx\/index.php?rest_route=%2Fwp%2Fv2%2Fmedia&parent=1318"}],"wp:term":[{"taxonomy":"product_brand","embeddable":true,"href":"http:\/\/yumka.gob.mx\/index.php?rest_route=%2Fwp%2Fv2%2Fproduct_brand&post=1318"},{"taxonomy":"product_cat","embeddable":true,"href":"http:\/\/yumka.gob.mx\/index.php?rest_route=%2Fwp%2Fv2%2Fproduct_cat&post=1318"},{"taxonomy":"product_tag","embeddable":true,"href":"http:\/\/yumka.gob.mx\/index.php?rest_route=%2Fwp%2Fv2%2Fproduct_tag&post=1318"}],"curies":[{"name":"wp","href":"https:\/\/api.w.org\/{rel}","templated":true}]}}