{"id":2967,"date":"2024-02-27T22:51:38","date_gmt":"2024-02-28T04:51:38","guid":{"rendered":"http:\/\/yumka.gob.mx\/?post_type=product&#038;p=2967"},"modified":"2026-02-07T14:51:27","modified_gmt":"2026-02-07T20:51:27","slug":"boleto-inapam-local","status":"publish","type":"product","link":"http:\/\/yumka.gob.mx\/?product=boleto-inapam-local","title":{"rendered":"Boleto INAPAM Local"},"content":{"rendered":"<p>En la compra de este boleto, usted tiene derecho a realizar un recorrido dentro de las instalaciones del parque.<\/p>\n","protected":false},"excerpt":{"rendered":"<p>Con credencial de INAPAM y credencial INE del estado de Tabasco<\/p>\n","protected":false},"featured_media":2151,"comment_status":"open","ping_status":"closed","template":"","meta":{"jetpack_post_was_ever_published":false,"jetpack_publicize_message":"","jetpack_publicize_feature_enabled":true,"jetpack_social_post_already_shared":true,"jetpack_social_options":{"image_generator_settings":{"template":"highway","default_image_id":0,"font":"","enabled":false},"version":2}},"product_brand":[],"product_cat":[106],"product_tag":[67],"class_list":{"0":"post-2967","1":"product","2":"type-product","3":"status-publish","4":"has-post-thumbnail","6":"product_cat-sin-categorizar","7":"product_tag-boleto","9":"first","10":"instock","11":"featured","12":"virtual","13":"purchasable","14":"product-type-simple"},"jetpack_publicize_connections":[],"jetpack_sharing_enabled":true,"jetpack-related-posts":[{"id":1315,"url":"http:\/\/yumka.gob.mx\/?product=boleto-inapam","url_meta":{"origin":2967,"position":0},"title":"Boleto INAPAM General","author":"Ram\u00f3n de Jesus Estudillo","date":"18 marzo, 2017","format":false,"excerpt":"Con credencial de INAPAM","rel":"","context":"Entrada similar ","block_context":{"text":"Entrada similar ","link":""},"img":{"alt_text":"","src":"","width":0,"height":0},"classes":[]},{"id":1150,"url":"http:\/\/yumka.gob.mx\/?product=boleto-adulto-local","url_meta":{"origin":2967,"position":1},"title":"Boleto Adulto Local","author":"Ram\u00f3n de Jesus Estudillo","date":"25 noviembre, 2016","format":false,"excerpt":"Presentando identificaci\u00f3n oficial","rel":"","context":"Entrada similar ","block_context":{"text":"Entrada similar ","link":""},"img":{"alt_text":"","src":"","width":0,"height":0},"classes":[]},{"id":1105,"url":"http:\/\/yumka.gob.mx\/?product=boleto-nino-local","url_meta":{"origin":2967,"position":2},"title":"Boleto Ni\u00f1o Local","author":"Ram\u00f3n de Jesus Estudillo","date":"24 noviembre, 2016","format":false,"excerpt":"Ni\u00f1os de 3\u00a0a 11 a\u00f1os","rel":"","context":"Entrada similar ","block_context":{"text":"Entrada similar ","link":""},"img":{"alt_text":"","src":"","width":0,"height":0},"classes":[]},{"id":1317,"url":"http:\/\/yumka.gob.mx\/?product=boleto-nino-general-copiar","url_meta":{"origin":2967,"position":3},"title":"Boleto Ni\u00f1o General","author":"Ram\u00f3n de Jesus Estudillo","date":"18 marzo, 2017","format":false,"excerpt":"Ni\u00f1os de\u00a03 a 11 a\u00f1os","rel":"","context":"Entrada similar ","block_context":{"text":"Entrada similar ","link":""},"img":{"alt_text":"","src":"","width":0,"height":0},"classes":[]},{"id":1318,"url":"http:\/\/yumka.gob.mx\/?product=boleto-adulto-general-copiar","url_meta":{"origin":2967,"position":4},"title":"Boleto Adulto General","author":"Ram\u00f3n de Jesus Estudillo","date":"18 marzo, 2017","format":false,"excerpt":"Visitantes mayores de 11 a\u00f1os.","rel":"","context":"Entrada similar ","block_context":{"text":"Entrada similar ","link":""},"img":{"alt_text":"","src":"","width":0,"height":0},"classes":[]}],"_links":{"self":[{"href":"http:\/\/yumka.gob.mx\/index.php?rest_route=\/wp\/v2\/product\/2967","targetHints":{"allow":["GET"]}}],"collection":[{"href":"http:\/\/yumka.gob.mx\/index.php?rest_route=\/wp\/v2\/product"}],"about":[{"href":"http:\/\/yumka.gob.mx\/index.php?rest_route=\/wp\/v2\/types\/product"}],"replies":[{"embeddable":true,"href":"http:\/\/yumka.gob.mx\/index.php?rest_route=%2Fwp%2Fv2%2Fcomments&post=2967"}],"wp:featuredmedia":[{"embeddable":true,"href":"http:\/\/yumka.gob.mx\/index.php?rest_route=\/wp\/v2\/media\/2151"}],"wp:attachment":[{"href":"http:\/\/yumka.gob.mx\/index.php?rest_route=%2Fwp%2Fv2%2Fmedia&parent=2967"}],"wp:term":[{"taxonomy":"product_brand","embeddable":true,"href":"http:\/\/yumka.gob.mx\/index.php?rest_route=%2Fwp%2Fv2%2Fproduct_brand&post=2967"},{"taxonomy":"product_cat","embeddable":true,"href":"http:\/\/yumka.gob.mx\/index.php?rest_route=%2Fwp%2Fv2%2Fproduct_cat&post=2967"},{"taxonomy":"product_tag","embeddable":true,"href":"http:\/\/yumka.gob.mx\/index.php?rest_route=%2Fwp%2Fv2%2Fproduct_tag&post=2967"}],"curies":[{"name":"wp","href":"https:\/\/api.w.org\/{rel}","templated":true}]}}